{"id":1280,"date":"2023-06-13T14:31:46","date_gmt":"2023-06-13T12:31:46","guid":{"rendered":"https:\/\/collmathage.fr\/?page_id=1280"},"modified":"2024-09-04T19:58:19","modified_gmt":"2024-09-04T17:58:19","slug":"documents-a-telecharger-pour-mes-classes","status":"publish","type":"page","link":"https:\/\/collmathage.fr\/?page_id=1280","title":{"rendered":"Pour mes classes"},"content":{"rendered":"\n<p>Dans ces pages, je propose \u00e0 mes \u00e9l\u00e8ves plusieurs types de ressources, class\u00e9es suivant les chapitres de notre progression.<\/p>\n\n\n\n<p>Je leur ai donn\u00e9 le lien en d\u00e9but d&rsquo;ann\u00e9e, coll\u00e9 dans le cahier, sous forme de QR-code.<\/p>\n\n\n\n<div class=\"wp-block-buttons has-custom-font-size has-large-font-size is-horizontal is-content-justification-center is-layout-flex wp-container-core-buttons-is-layout-03627597 wp-block-buttons-is-layout-flex\">\n<div class=\"wp-block-button\"><a class=\"wp-block-button__link wp-element-button\" href=\"https:\/\/collmathage.fr\/?page_id=972\">Classe de 6e<\/a><\/div>\n\n\n\n<div class=\"wp-block-button\"><a class=\"wp-block-button__link wp-element-button\" href=\"https:\/\/collmathage.fr\/?page_id=1599\">Classe de 5e<\/a><\/div>\n\n\n\n<div class=\"wp-block-button\"><a class=\"wp-block-button__link wp-element-button\" href=\"https:\/\/collmathage.fr\/?page_id=1905\">Classe de 3e<\/a><\/div>\n<\/div>\n\n\n\n<h4 class=\"wp-block-heading\">Pour les absents :<\/h4>\n\n\n\n<ul class=\"wp-block-list\">\n<li>les <strong>activit\u00e9s<\/strong>, <strong>documents \u00e0 coller<\/strong> dans le cours ou <strong>feuilles d&rsquo;exercices<\/strong> que j&rsquo;ai distribu\u00e9es en classe quand ils \u00e9taient absents ;<\/li>\n\n\n\n<li>le <strong>cours<\/strong>, pour qu&rsquo;ils puissent rattraper une le\u00e7on donn\u00e9e en leur absence, ou pour v\u00e9rifier une erreur de recopie du tableau ;<\/li>\n<\/ul>\n\n\n\n<h4 class=\"wp-block-heading\">Pour ceux qui veulent en savoir plus :<\/h4>\n\n\n\n<ul class=\"wp-block-list\">\n<li>la liste des <strong>fiches de soutien<\/strong> en rapport avec le chapitre, pour s&rsquo;entra\u00eener, r\u00e9viser ou revoir une notion rat\u00e9e en contr\u00f4le ;<\/li>\n\n\n\n<li>des petits <strong>logiciels <\/strong>\u00e0 t\u00e9l\u00e9charger que j&rsquo;ai programm\u00e9s (il suffit de t\u00e9l\u00e9charger puis d&rsquo;ouvrir l&rsquo;archive zip et de cliquer sur le fichier, le programme se lance sans installation) ;<\/li>\n\n\n\n<li>des <strong>liens int\u00e9ressants <\/strong>vers des animations, des vid\u00e9os&#8230;<\/li>\n<\/ul>\n","protected":false},"excerpt":{"rendered":"<p>Dans ces pages, je propose \u00e0 mes \u00e9l\u00e8ves plusieurs types de ressources, class\u00e9es suivant les chapitres de notre progression. Je leur ai donn\u00e9 le lien en d\u00e9but d&rsquo;ann\u00e9e, coll\u00e9 dans le cahier, sous forme de QR-code. Pour les absents : Pour ceux qui veulent en savoir plus :<\/p>\n","protected":false},"author":1,"featured_media":0,"parent":0,"menu_order":0,"comment_status":"closed","ping_status":"closed","template":"","meta":{"footnotes":""},"folder":[],"class_list":["post-1280","page","type-page","status-publish","hentry"],"blocksy_meta":[],"_links":{"self":[{"href":"https:\/\/collmathage.fr\/index.php?rest_route=\/wp\/v2\/pages\/1280","targetHints":{"allow":["GET"]}}],"collection":[{"href":"https:\/\/collmathage.fr\/index.php?rest_route=\/wp\/v2\/pages"}],"about":[{"href":"https:\/\/collmathage.fr\/index.php?rest_route=\/wp\/v2\/types\/page"}],"author":[{"embeddable":true,"href":"https:\/\/collmathage.fr\/index.php?rest_route=\/wp\/v2\/users\/1"}],"replies":[{"embeddable":true,"href":"https:\/\/collmathage.fr\/index.php?rest_route=%2Fwp%2Fv2%2Fcomments&post=1280"}],"version-history":[{"count":9,"href":"https:\/\/collmathage.fr\/index.php?rest_route=\/wp\/v2\/pages\/1280\/revisions"}],"predecessor-version":[{"id":1914,"href":"https:\/\/collmathage.fr\/index.php?rest_route=\/wp\/v2\/pages\/1280\/revisions\/1914"}],"wp:attachment":[{"href":"https:\/\/collmathage.fr\/index.php?rest_route=%2Fwp%2Fv2%2Fmedia&parent=1280"}],"wp:term":[{"taxonomy":"folder","embeddable":true,"href":"https:\/\/collmathage.fr\/index.php?rest_route=%2Fwp%2Fv2%2Ffolder&post=1280"}],"curies":[{"name":"wp","href":"https:\/\/api.w.org\/{rel}","templated":true}]}}