{"id":24,"date":"2023-05-18T19:54:31","date_gmt":"2023-05-18T17:54:31","guid":{"rendered":"http:\/\/collmathage.fr\/?page_id=24"},"modified":"2025-02-07T18:01:22","modified_gmt":"2025-02-07T17:01:22","slug":"accueil","status":"publish","type":"page","link":"https:\/\/collmathage.fr\/","title":{"rendered":"Ressources pour les MATH\u00e9matiques au COLL\u00e8ge"},"content":{"rendered":"\n<p class=\"has-text-align-left has-large-font-size\">Depuis 20 ans, des documents pour aider les enseignants, les \u00e9l\u00e8ves, les parents.<\/p>\n\n\n\n<ul class=\"wp-block-list\">\n<li class=\"has-medium-font-size\">Des <a href=\"http:\/\/collmathage-fr.preview-domain.comee.fr\/index.php\/2023\/05\/17\/fiches-de-soutien\/\">fiches de soutien<\/a> pour reprendre une par une les notions qui ont pos\u00e9 probl\u00e8me, ou pour r\u00e9viser avant un contr\u00f4le, pour animer une s\u00e9ance de rem\u00e9diation\u2026<\/li>\n\n\n\n<li class=\"has-medium-font-size\">Des <a href=\"http:\/\/collmathage-fr.preview-domain.comee.fr\/index.php\/2023\/05\/17\/fiches-dexercices\/\">feuilles d\u2019exercices<\/a> vari\u00e9es pour s\u2019entra\u00eener, de difficult\u00e9 graduelle, avec les comp\u00e9tences vis\u00e9es clairement indiqu\u00e9es.<\/li>\n\n\n\n<li class=\"has-medium-font-size\">Des <a href=\"http:\/\/collmathage-fr.preview-domain.comee.fr\/index.php\/2023\/05\/17\/tableur-scratch\/\">s\u00e9ances pour l\u2019informatique au coll\u00e8ge<\/a> : apprendre \u00e0 utiliser le tableur, d\u00e9marrer la programmation avec Scratch, utiliser la g\u00e9om\u00e9trie dynamique de Geogebra.<\/li>\n\n\n\n<li class=\"has-medium-font-size\">Des <a href=\"https:\/\/collmathage.fr\/?page_id=1280\" data-type=\"page\" data-id=\"1280\">ressources<\/a> pour mes \u00e9l\u00e8ves, class\u00e9es par niveau et par chapitre : les documents distribu\u00e9s en classe (\u00e0 coller dans le cours, activit\u00e9s, feuilles d&rsquo;exercices&#8230;), le cours complet, des liens pour en savoir plus, les fiches de soutien class\u00e9es par chapitre&#8230;<\/li>\n<\/ul>\n\n\n\n<div class=\"wp-block-buttons has-custom-font-size has-large-font-size is-horizontal is-content-justification-center is-layout-flex wp-container-core-buttons-is-layout-03627597 wp-block-buttons-is-layout-flex\">\n<div class=\"wp-block-button\"><a class=\"wp-block-button__link wp-element-button\" href=\"https:\/\/collmathage.fr\/?page_id=33\">Fiches de soutien<\/a><\/div>\n\n\n\n<div class=\"wp-block-button\"><a class=\"wp-block-button__link wp-element-button\" href=\"https:\/\/collmathage.fr\/?page_id=35\">Feuilles d&rsquo;exercices<\/a><\/div>\n\n\n\n<div class=\"wp-block-button has-custom-font-size has-large-font-size\"><a class=\"wp-block-button__link wp-element-button\" href=\"https:\/\/collmathage.fr\/?page_id=37\">S\u00e9ances informatiques<\/a><\/div>\n<\/div>\n\n\n\n<h2 class=\"wp-block-heading\">Corrections des fiches de soutien<\/h2>\n\n\n\n<p class=\"has-text-align-left has-medium-font-size\">Pour 12 \u20ac, je vous donne acc\u00e8s \u00e0 mon drive pour t\u00e9l\u00e9charger l\u2019int\u00e9gralit\u00e9 des documents du site aux formats pdf et word, <strong>plus les corrections des fiches de soutien<\/strong>.<\/p>\n\n\n\n<div class=\"wp-block-buttons is-content-justification-center is-layout-flex wp-container-core-buttons-is-layout-a89b3969 wp-block-buttons-is-layout-flex\">\n<div class=\"wp-block-button\"><a class=\"wp-block-button__link has-text-align-center wp-element-button\" href=\"https:\/\/collmathage.fr\/?p=839\">Acc\u00e8s aux corrections<\/a><\/div>\n<\/div>\n\n\n\n<p><\/p>\n","protected":false},"excerpt":{"rendered":"<p>Depuis 20 ans, des documents pour aider les enseignants, les \u00e9l\u00e8ves, les parents. Corrections des fiches de soutien Pour 12 \u20ac, je vous donne acc\u00e8s \u00e0 mon drive pour t\u00e9l\u00e9charger l\u2019int\u00e9gralit\u00e9 des documents du site aux formats pdf et word, plus les corrections des fiches de soutien.<\/p>\n","protected":false},"author":1,"featured_media":0,"parent":0,"menu_order":0,"comment_status":"closed","ping_status":"closed","template":"","meta":{"footnotes":""},"folder":[],"class_list":["post-24","page","type-page","status-publish","hentry"],"blocksy_meta":[],"_links":{"self":[{"href":"https:\/\/collmathage.fr\/index.php?rest_route=\/wp\/v2\/pages\/24","targetHints":{"allow":["GET"]}}],"collection":[{"href":"https:\/\/collmathage.fr\/index.php?rest_route=\/wp\/v2\/pages"}],"about":[{"href":"https:\/\/collmathage.fr\/index.php?rest_route=\/wp\/v2\/types\/page"}],"author":[{"embeddable":true,"href":"https:\/\/collmathage.fr\/index.php?rest_route=\/wp\/v2\/users\/1"}],"replies":[{"embeddable":true,"href":"https:\/\/collmathage.fr\/index.php?rest_route=%2Fwp%2Fv2%2Fcomments&post=24"}],"version-history":[{"count":16,"href":"https:\/\/collmathage.fr\/index.php?rest_route=\/wp\/v2\/pages\/24\/revisions"}],"predecessor-version":[{"id":2185,"href":"https:\/\/collmathage.fr\/index.php?rest_route=\/wp\/v2\/pages\/24\/revisions\/2185"}],"wp:attachment":[{"href":"https:\/\/collmathage.fr\/index.php?rest_route=%2Fwp%2Fv2%2Fmedia&parent=24"}],"wp:term":[{"taxonomy":"folder","embeddable":true,"href":"https:\/\/collmathage.fr\/index.php?rest_route=%2Fwp%2Fv2%2Ffolder&post=24"}],"curies":[{"name":"wp","href":"https:\/\/api.w.org\/{rel}","templated":true}]}}