{"id":2524,"date":"2026-03-12T15:50:22","date_gmt":"2026-03-12T14:50:22","guid":{"rendered":"https:\/\/collmathage.fr\/?page_id=2524"},"modified":"2026-03-12T15:50:23","modified_gmt":"2026-03-12T14:50:23","slug":"nouveau-chapitre-de-6e","status":"publish","type":"page","link":"https:\/\/collmathage.fr\/?page_id=2524","title":{"rendered":"Nouveau chapitre de 6e"},"content":{"rendered":"\n<p>J&rsquo;ai ajout\u00e9 le chapitre dans le niveau 6e, consacr\u00e9 aux triangles, nouveaut\u00e9 des programmes 2025 : il y a le cours, deux activit\u00e9s et deux feuilles d&rsquo;exercices.<\/p>\n\n\n\n<p>Le prochain chapitre sur les divisions subira de l\u00e9gers changements dans les semaines \u00e0 venir.<\/p>\n","protected":false},"excerpt":{"rendered":"<p>J&rsquo;ai ajout\u00e9 le chapitre dans le niveau 6e, consacr\u00e9 aux triangles, nouveaut\u00e9 des programmes 2025 : il y a le cours, deux activit\u00e9s et deux feuilles d&rsquo;exercices. Le prochain chapitre sur les divisions subira de l\u00e9gers changements dans les semaines \u00e0 venir.<\/p>\n","protected":false},"author":1,"featured_media":0,"parent":0,"menu_order":0,"comment_status":"closed","ping_status":"closed","template":"","meta":{"footnotes":""},"folder":[],"class_list":["post-2524","page","type-page","status-publish","hentry"],"blocksy_meta":[],"_links":{"self":[{"href":"https:\/\/collmathage.fr\/index.php?rest_route=\/wp\/v2\/pages\/2524","targetHints":{"allow":["GET"]}}],"collection":[{"href":"https:\/\/collmathage.fr\/index.php?rest_route=\/wp\/v2\/pages"}],"about":[{"href":"https:\/\/collmathage.fr\/index.php?rest_route=\/wp\/v2\/types\/page"}],"author":[{"embeddable":true,"href":"https:\/\/collmathage.fr\/index.php?rest_route=\/wp\/v2\/users\/1"}],"replies":[{"embeddable":true,"href":"https:\/\/collmathage.fr\/index.php?rest_route=%2Fwp%2Fv2%2Fcomments&post=2524"}],"version-history":[{"count":1,"href":"https:\/\/collmathage.fr\/index.php?rest_route=\/wp\/v2\/pages\/2524\/revisions"}],"predecessor-version":[{"id":2525,"href":"https:\/\/collmathage.fr\/index.php?rest_route=\/wp\/v2\/pages\/2524\/revisions\/2525"}],"wp:attachment":[{"href":"https:\/\/collmathage.fr\/index.php?rest_route=%2Fwp%2Fv2%2Fmedia&parent=2524"}],"wp:term":[{"taxonomy":"folder","embeddable":true,"href":"https:\/\/collmathage.fr\/index.php?rest_route=%2Fwp%2Fv2%2Ffolder&post=2524"}],"curies":[{"name":"wp","href":"https:\/\/api.w.org\/{rel}","templated":true}]}}