{"id":33,"date":"2023-05-18T20:29:15","date_gmt":"2023-05-18T18:29:15","guid":{"rendered":"https:\/\/collmathage.fr\/?page_id=33"},"modified":"2023-06-15T19:07:37","modified_gmt":"2023-06-15T17:07:37","slug":"fiches-de-soutien","status":"publish","type":"page","link":"https:\/\/collmathage.fr\/?page_id=33","title":{"rendered":"Fiches de soutien"},"content":{"rendered":"\n<p>Chaque fiche de soutien vise \u00e0 travailler une comp\u00e9tence (ou savoir-faire) particuli\u00e8re.<br>Les enseignants peuvent la donner \u00e0 des \u00e9l\u00e8ves pour revoir une notion mal comprise apr\u00e8s un contr\u00f4le rat\u00e9, pour pr\u00e9parer une interrogation, donner du travail en soutien ou aide aux devoirs, etc.<br>Les \u00e9l\u00e8ves peuvent d\u00e9cider d&rsquo;eux-m\u00eame de s&rsquo;entra\u00eener, r\u00e9viser, retravailler une comp\u00e9tence en t\u00e9l\u00e9chargent une fiche.<br>Les parents qui veulent aider leurs enfants pour pr\u00e9parer un contr\u00f4le ou revoir une partie du programme mal comprise.<\/p>\n\n\n\n<p>Depuis plus de vingt ans, chaque fiche a la m\u00eame pr\u00e9sentation et la m\u00eame structure :<\/p>\n\n\n\n<ul class=\"wp-block-list\">\n<li>d\u2019abord un rappel succinct du cours ;<\/li>\n\n\n\n<li>ensuite un exercice-type corrig\u00e9 ;<\/li>\n\n\n\n<li>puis le \u00ab&nbsp;m\u00eame&nbsp;\u00bb exercice avec la r\u00e9ponse \u00e0 trous ;<\/li>\n\n\n\n<li>et enfin trois ou quatre exercices assez faciles et si possible originaux.<\/li>\n<\/ul>\n\n\n\n<p class=\"has-text-align-center has-medium-font-size\">Je propose l\u2019int\u00e9grale des fiches <strong>avec leur corrig\u00e9<\/strong> en t\u00e9l\u00e9chargement sur mon drive pour 12 \u20ac, il suffit de me contacter par <a href=\"mailto:cmonie@orange.fr?subject=acc\u00e8s au drive\">mail<\/a> ou par le <a href=\"https:\/\/collmathage.fr\/?page_id=85\" data-type=\"page\" data-id=\"85\">formulaire de contact<\/a> pour conna\u00eetre la marche \u00e0 suivre.<\/p>\n\n\n\n<div class=\"wp-block-buttons is-content-justification-center is-layout-flex wp-container-core-buttons-is-layout-a89b3969 wp-block-buttons-is-layout-flex\">\n<div class=\"wp-block-button\"><a class=\"wp-block-button__link wp-element-button\" href=\"https:\/\/collmathage.fr\/?p=839\">Acc\u00e8s aux corrections<\/a><\/div>\n<\/div>\n\n\n\n<p><\/p>\n\n\n\n<h2 class=\"wp-block-heading\">Cliquez sur le niveau qui vous int\u00e9resse :<\/h2>\n\n\n\n<div class=\"wp-block-buttons has-custom-font-size has-large-font-size is-content-justification-center is-layout-flex wp-container-core-buttons-is-layout-a89b3969 wp-block-buttons-is-layout-flex\">\n<div class=\"wp-block-button\"><a class=\"wp-block-button__link wp-element-button\" href=\"https:\/\/collmathage.fr\/?page_id=43\">Niveau 6e<\/a><\/div>\n\n\n\n<div class=\"wp-block-button\"><a class=\"wp-block-button__link wp-element-button\" href=\"https:\/\/collmathage.fr\/?page_id=45\">Niveau 5e<\/a><\/div>\n\n\n\n<div class=\"wp-block-button\"><a class=\"wp-block-button__link wp-element-button\" href=\"https:\/\/collmathage.fr\/?page_id=47\">Niveau 4e<\/a><\/div>\n\n\n\n<div class=\"wp-block-button\"><a class=\"wp-block-button__link wp-element-button\" href=\"https:\/\/collmathage.fr\/?page_id=49\">Niveau 3e<\/a><\/div>\n\n\n\n<div class=\"wp-block-button\"><a class=\"wp-block-button__link wp-element-button\" href=\"https:\/\/collmathage.fr\/?page_id=487\">Anciennes fiches<\/a><\/div>\n<\/div>\n\n\n\n<h2 class=\"wp-block-heading\">Un exemple de fiche de soutien :<\/h2>\n\n\n\n<div data-wp-interactive=\"core\/file\" class=\"wp-block-file\"><object data-wp-bind--hidden=\"!state.hasPdfPreview\" hidden class=\"wp-block-file__embed\" data=\"https:\/\/collmathage.fr\/wp-content\/uploads\/2023\/05\/ef7_resoudre_un_probleme_de_fractions_2.pdf\" type=\"application\/pdf\" style=\"width:100%;height:600px\" aria-label=\"Contenu embarqu\u00e9 ef7_resoudre_un_probleme_de_fractions_(2).\"><\/object><a id=\"wp-block-file--media-e1c8b894-4c10-4876-a9ac-4286303ff28e\" href=\"https:\/\/collmathage.fr\/wp-content\/uploads\/2023\/05\/ef7_resoudre_un_probleme_de_fractions_2.pdf\">ef7_resoudre_un_probleme_de_fractions_(2)<\/a><\/div>\n\n\n\n<p><\/p>\n","protected":false},"excerpt":{"rendered":"<p>Chaque fiche de soutien vise \u00e0 travailler une comp\u00e9tence (ou savoir-faire) particuli\u00e8re.Les enseignants peuvent la donner \u00e0 des \u00e9l\u00e8ves pour revoir une notion mal comprise apr\u00e8s un contr\u00f4le rat\u00e9, pour pr\u00e9parer une interrogation, donner du travail en soutien ou aide aux devoirs, etc.Les \u00e9l\u00e8ves peuvent d\u00e9cider d&rsquo;eux-m\u00eame de s&rsquo;entra\u00eener, r\u00e9viser, retravailler une comp\u00e9tence en t\u00e9l\u00e9chargent [&hellip;]<\/p>\n","protected":false},"author":1,"featured_media":0,"parent":0,"menu_order":0,"comment_status":"closed","ping_status":"closed","template":"","meta":{"footnotes":""},"folder":[],"class_list":["post-33","page","type-page","status-publish","hentry"],"blocksy_meta":[],"_links":{"self":[{"href":"https:\/\/collmathage.fr\/index.php?rest_route=\/wp\/v2\/pages\/33","targetHints":{"allow":["GET"]}}],"collection":[{"href":"https:\/\/collmathage.fr\/index.php?rest_route=\/wp\/v2\/pages"}],"about":[{"href":"https:\/\/collmathage.fr\/index.php?rest_route=\/wp\/v2\/types\/page"}],"author":[{"embeddable":true,"href":"https:\/\/collmathage.fr\/index.php?rest_route=\/wp\/v2\/users\/1"}],"replies":[{"embeddable":true,"href":"https:\/\/collmathage.fr\/index.php?rest_route=%2Fwp%2Fv2%2Fcomments&post=33"}],"version-history":[{"count":6,"href":"https:\/\/collmathage.fr\/index.php?rest_route=\/wp\/v2\/pages\/33\/revisions"}],"predecessor-version":[{"id":1403,"href":"https:\/\/collmathage.fr\/index.php?rest_route=\/wp\/v2\/pages\/33\/revisions\/1403"}],"wp:attachment":[{"href":"https:\/\/collmathage.fr\/index.php?rest_route=%2Fwp%2Fv2%2Fmedia&parent=33"}],"wp:term":[{"taxonomy":"folder","embeddable":true,"href":"https:\/\/collmathage.fr\/index.php?rest_route=%2Fwp%2Fv2%2Ffolder&post=33"}],"curies":[{"name":"wp","href":"https:\/\/api.w.org\/{rel}","templated":true}]}}