{"id":37,"date":"2023-05-18T20:29:49","date_gmt":"2023-05-18T18:29:49","guid":{"rendered":"https:\/\/collmathage.fr\/?page_id=37"},"modified":"2025-01-20T17:43:36","modified_gmt":"2025-01-20T16:43:36","slug":"seances-informatiques","status":"publish","type":"page","link":"https:\/\/collmathage.fr\/?page_id=37","title":{"rendered":"S\u00e9ances informatiques"},"content":{"rendered":"\n<p>Vous trouverez ici des activit\u00e9s pour apprendre \u00e0 ma\u00eetriser le <strong>tableur <\/strong>de LibreOffice, pour apprendre l\u2019<strong>algorithmique <\/strong>avec Scratch et utiliser le logiciel de <strong>g\u00e9om\u00e9trie dynamique<\/strong> GeoGebra.<\/p>\n\n\n\n<h2 class=\"wp-block-heading\">S\u00e9ances de tableur<\/h2>\n\n\n\n<h4 class=\"wp-block-heading\">Tableur pour la 6e<\/h4>\n\n\n\n<ul class=\"wp-block-list\">\n<li>Tb 601 Les nombres romains <a href=\"https:\/\/collmathage.fr\/wp-content\/uploads\/2023\/05\/tb601_-_nombres_romains.pdf\" target=\"_blank\" rel=\"noreferrer noopener\" data-type=\"attachment\" data-id=\"179\"><img decoding=\"async\" style=\"width: 20px;\" src=\"https:\/\/collmathage.fr\/wp-content\/uploads\/2023\/05\/pdf-1.png\" alt=\"Cliquer sur cette image pour t\u00e9l\u00e9charger au format pdf\"><\/a> <a href=\"https:\/\/collmathage.fr\/wp-content\/uploads\/2023\/05\/tb601_-_nombres_romains_-_win10.docx\" download=\"\" data-type=\"attachment\" data-id=\"637\"><img decoding=\"async\" style=\"width: 20px;\" src=\"https:\/\/collmathage.fr\/wp-content\/uploads\/2023\/05\/word.png\" alt=\"Cliquer cette image pour t\u00e9l\u00e9charger le document au format word\"><\/a><\/li>\n\n\n\n<li>Tb 602 Somme de nombres cons\u00e9cutifs <a href=\"https:\/\/collmathage.fr\/wp-content\/uploads\/2023\/05\/Tb602-Somme-de-nombres-consecutifs-Win10.pdf\" target=\"_blank\" rel=\"noreferrer noopener\" data-type=\"attachment\" data-id=\"180\"><img decoding=\"async\" style=\"width: 20px;\" src=\"https:\/\/collmathage.fr\/wp-content\/uploads\/2023\/05\/pdf-1.png\" alt=\"Cliquer sur cette image pour t\u00e9l\u00e9charger au format pdf\"><\/a> <a href=\"https:\/\/collmathage.fr\/wp-content\/uploads\/2023\/05\/Tb602-Somme-de-nombres-consecutifs.docx\" download=\"\" data-type=\"attachment\" data-id=\"638\"><img decoding=\"async\" style=\"width: 20px;\" src=\"https:\/\/collmathage.fr\/wp-content\/uploads\/2023\/05\/word.png\" alt=\"Cliquer cette image pour t\u00e9l\u00e9charger le document au format word\"><\/a><\/li>\n\n\n\n<li>Tb 603 Les glucides <a href=\"https:\/\/collmathage.fr\/wp-content\/uploads\/2023\/05\/tb603_-_glucides.pdf\" target=\"_blank\" rel=\"noreferrer noopener\" data-type=\"attachment\" data-id=\"181\"><img decoding=\"async\" style=\"width: 20px;\" src=\"https:\/\/collmathage.fr\/wp-content\/uploads\/2023\/05\/pdf-1.png\" alt=\"Cliquer sur cette image pour t\u00e9l\u00e9charger au format pdf\"><\/a> <a href=\"https:\/\/collmathage.fr\/wp-content\/uploads\/2023\/05\/tb603_-_glucides.docx\" download=\"\" data-type=\"attachment\" data-id=\"639\"><img decoding=\"async\" style=\"width: 20px;\" src=\"https:\/\/collmathage.fr\/wp-content\/uploads\/2023\/05\/word.png\" alt=\"Cliquer cette image pour t\u00e9l\u00e9charger le document au format word\"><\/a><\/li>\n\n\n\n<li>Tb 604 Bilan de ventes <a href=\"https:\/\/collmathage.fr\/wp-content\/uploads\/2023\/05\/tb604_-_bilan_des_ventes.pdf\" target=\"_blank\" rel=\"noreferrer noopener\" data-type=\"attachment\" data-id=\"182\"><img decoding=\"async\" style=\"width: 20px;\" src=\"https:\/\/collmathage.fr\/wp-content\/uploads\/2023\/05\/pdf-1.png\" alt=\"Cliquer sur cette image pour t\u00e9l\u00e9charger au format pdf\"><\/a> <a href=\"https:\/\/collmathage.fr\/wp-content\/uploads\/2023\/05\/tb604_-_bilan_des_ventes_-_win10.docx\" download=\"\" data-type=\"attachment\" data-id=\"640\"><img decoding=\"async\" style=\"width: 20px;\" src=\"https:\/\/collmathage.fr\/wp-content\/uploads\/2023\/05\/word.png\" alt=\"Cliquer cette image pour t\u00e9l\u00e9charger le document au format word\"><\/a><\/li>\n\n\n\n<li>Tb 605 Budget de r\u00e9novation <a href=\"https:\/\/collmathage.fr\/wp-content\/uploads\/2023\/05\/tb605_-_renovation_dun_appartement.pdf\" target=\"_blank\" rel=\"noreferrer noopener\" data-type=\"attachment\" data-id=\"183\"><img decoding=\"async\" style=\"width: 20px;\" src=\"https:\/\/collmathage.fr\/wp-content\/uploads\/2023\/05\/pdf-1.png\" alt=\"Cliquer sur cette image pour t\u00e9l\u00e9charger au format pdf\"><\/a> <a href=\"https:\/\/collmathage.fr\/wp-content\/uploads\/2023\/05\/tb605_-_renovation_-_win10.docx\" download=\"\" data-type=\"attachment\" data-id=\"641\"><img decoding=\"async\" style=\"width: 20px;\" src=\"https:\/\/collmathage.fr\/wp-content\/uploads\/2023\/05\/word.png\" alt=\"Cliquer cette image pour t\u00e9l\u00e9charger le document au format word\"><\/a><\/li>\n\n\n\n<li>Tb 606 Diagrammes <a href=\"https:\/\/collmathage.fr\/wp-content\/uploads\/2023\/05\/tb606_-_diagrammes.pdf\" target=\"_blank\" rel=\"noreferrer noopener\" data-type=\"attachment\" data-id=\"184\"><img decoding=\"async\" style=\"width: 20px;\" src=\"https:\/\/collmathage.fr\/wp-content\/uploads\/2023\/05\/pdf-1.png\" alt=\"Cliquer sur cette image pour t\u00e9l\u00e9charger au format pdf\"><\/a> <a href=\"https:\/\/collmathage.fr\/wp-content\/uploads\/2023\/05\/tb606_-_diagrammes_-_win10.docx\" download=\"\" data-type=\"attachment\" data-id=\"642\"><img decoding=\"async\" style=\"width: 20px;\" src=\"https:\/\/collmathage.fr\/wp-content\/uploads\/2023\/05\/word.png\" alt=\"Cliquer cette image pour t\u00e9l\u00e9charger le document au format word\"><\/a><\/li>\n\n\n\n<li>Tb 607 Facture <a href=\"https:\/\/collmathage.fr\/wp-content\/uploads\/2023\/05\/tb607_-_facture.pdf\" target=\"_blank\" rel=\"noreferrer noopener\" data-type=\"attachment\" data-id=\"185\"><img decoding=\"async\" style=\"width: 20px;\" src=\"https:\/\/collmathage.fr\/wp-content\/uploads\/2023\/05\/pdf-1.png\" alt=\"Cliquer sur cette image pour t\u00e9l\u00e9charger au format pdf\"><\/a> <a href=\"https:\/\/collmathage.fr\/wp-content\/uploads\/2023\/05\/tb607_-_facture_-_win10.docx\" download=\"\" data-type=\"attachment\" data-id=\"643\"><img decoding=\"async\" style=\"width: 20px;\" src=\"https:\/\/collmathage.fr\/wp-content\/uploads\/2023\/05\/word.png\" alt=\"Cliquer cette image pour t\u00e9l\u00e9charger le document au format word\"><\/a><\/li>\n<\/ul>\n\n\n\n<h4 class=\"wp-block-heading\" id=\"tab5\">Tableur pour la 5e<\/h4>\n\n\n\n<ul class=\"wp-block-list\">\n<li>Tb 501 Priorit\u00e9s de calcul <a href=\"https:\/\/collmathage.fr\/wp-content\/uploads\/2023\/06\/tb_501_-_priorites.pdf\" data-type=\"attachment\" data-id=\"1442\" target=\"_blank\" rel=\"noreferrer noopener\"><img decoding=\"async\" style=\"width: 20px;\" src=\"https:\/\/collmathage.fr\/wp-content\/uploads\/2023\/05\/pdf-1.png\" alt=\"Cliquer sur cette image pour t\u00e9l\u00e9charger au format pdf\"><\/a> <a download=\"\" href=\"https:\/\/collmathage.fr\/wp-content\/uploads\/2023\/05\/tb_501_-_priorites.docx\" data-type=\"attachment\" data-id=\"655\"><img decoding=\"async\" style=\"width: 20px;\" src=\"https:\/\/collmathage.fr\/wp-content\/uploads\/2023\/05\/word.png\" alt=\"Cliquer cette image pour t\u00e9l\u00e9charger le document au format word\"><\/a><\/li>\n\n\n\n<li>Tb 502 In\u00e9galit\u00e9 triangulaire <a href=\"https:\/\/collmathage.fr\/wp-content\/uploads\/2023\/06\/tb_502_-_inegalite_triangulaire.pdf\" data-type=\"attachment\" data-id=\"1443\" target=\"_blank\" rel=\"noreferrer noopener\"><img decoding=\"async\" style=\"width: 20px;\" src=\"https:\/\/collmathage.fr\/wp-content\/uploads\/2023\/05\/pdf-1.png\" alt=\"Cliquer sur cette image pour t\u00e9l\u00e9charger au format pdf\"><\/a> <a download=\"\" href=\"https:\/\/collmathage.fr\/wp-content\/uploads\/2023\/05\/tb_502_-_inegalite_triangulaire.docx\" data-type=\"attachment\" data-id=\"656\"><img decoding=\"async\" style=\"width: 20px;\" src=\"https:\/\/collmathage.fr\/wp-content\/uploads\/2023\/05\/word.png\" alt=\"Cliquer cette image pour t\u00e9l\u00e9charger le document au format word\"><\/a><\/li>\n\n\n\n<li>Tb 503 Tableaux et graphiques <a href=\"https:\/\/collmathage.fr\/wp-content\/uploads\/2023\/06\/tb_503_-_tableaux_et_graphiques.pdf\" data-type=\"attachment\" data-id=\"1444\" target=\"_blank\" rel=\"noreferrer noopener\"><img decoding=\"async\" style=\"width: 20px;\" src=\"https:\/\/collmathage.fr\/wp-content\/uploads\/2023\/05\/pdf-1.png\" alt=\"Cliquer sur cette image pour t\u00e9l\u00e9charger au format pdf\"><\/a> <a download=\"\" href=\"https:\/\/collmathage.fr\/wp-content\/uploads\/2023\/05\/tb_503_-_tableaux_et_graphiques.docx\" data-type=\"attachment\" data-id=\"657\"><img decoding=\"async\" style=\"width: 20px;\" src=\"https:\/\/collmathage.fr\/wp-content\/uploads\/2023\/05\/word.png\" alt=\"Cliquer cette image pour t\u00e9l\u00e9charger le document au format word\"><\/a><\/li>\n\n\n\n<li>Tb 504 Calculs de 4e proportionnelle <a href=\"https:\/\/collmathage.fr\/wp-content\/uploads\/2023\/06\/tb_504_-_calculs_de_4e_proportionnelle.pdf\" data-type=\"attachment\" data-id=\"1445\" target=\"_blank\" rel=\"noreferrer noopener\"><img decoding=\"async\" style=\"width: 20px;\" src=\"https:\/\/collmathage.fr\/wp-content\/uploads\/2023\/05\/pdf-1.png\" alt=\"Cliquer sur cette image pour t\u00e9l\u00e9charger au format pdf\"><\/a> <a download=\"\" href=\"https:\/\/collmathage.fr\/wp-content\/uploads\/2023\/05\/tb_504_-_calculs_de_4e_proportionnelle.docx\" data-type=\"attachment\" data-id=\"658\"><img decoding=\"async\" style=\"width: 20px;\" src=\"https:\/\/collmathage.fr\/wp-content\/uploads\/2023\/05\/word.png\" alt=\"Cliquer cette image pour t\u00e9l\u00e9charger le document au format word\"><\/a><\/li>\n\n\n\n<li>Tb 505 Pourcentages et \u00e9chelles <a href=\"https:\/\/collmathage.fr\/wp-content\/uploads\/2023\/06\/tb_505_-_pourcentages_et_echelles.pdf\" data-type=\"attachment\" data-id=\"1446\" target=\"_blank\" rel=\"noreferrer noopener\"><img decoding=\"async\" style=\"width: 20px;\" src=\"https:\/\/collmathage.fr\/wp-content\/uploads\/2023\/05\/pdf-1.png\" alt=\"Cliquer sur cette image pour t\u00e9l\u00e9charger au format pdf\"><\/a> <a href=\"https:\/\/collmathage.fr\/wp-content\/uploads\/2023\/05\/tb_505_-_pourcentages_et_echelles.docx\" data-type=\"attachment\" data-id=\"660\"><img decoding=\"async\" style=\"width: 20px;\" src=\"https:\/\/collmathage.fr\/wp-content\/uploads\/2023\/05\/word.png\" alt=\"Cliquer cette image pour t\u00e9l\u00e9charger le document au format word\"><\/a><\/li>\n<\/ul>\n\n\n\n<h4 class=\"wp-block-heading\">Tableur pour la 3e<\/h4>\n\n\n\n<ul class=\"wp-block-list\">\n<li>Tb 301 Notions de fonctions <a href=\"https:\/\/collmathage.fr\/wp-content\/uploads\/2023\/06\/Tb-301-Notion-de-fonctions.pdf\" data-type=\"attachment\" data-id=\"948\" target=\"_blank\" rel=\"noreferrer noopener\"><img decoding=\"async\" width=\"20\" height=\"20\" class=\"wp-image-224\" style=\"width: 20px;\" src=\"https:\/\/collmathage.fr\/wp-content\/uploads\/2023\/05\/pdf-1.png\" alt=\"Cliquer sur cette image pour t\u00e9l\u00e9charger au format pdf\"><\/a> <a href=\"https:\/\/collmathage.fr\/wp-content\/uploads\/2023\/06\/Tb-301-Notion-de-fonctions.docx\" data-type=\"attachment\" data-id=\"947\"><img decoding=\"async\" width=\"20\" height=\"20\" class=\"wp-image-244\" style=\"width: 20px;\" src=\"https:\/\/collmathage.fr\/wp-content\/uploads\/2023\/05\/word.png\" alt=\"Cliquer cette image pour t\u00e9l\u00e9charger le document au format word\"><\/a><\/li>\n\n\n\n<li>Tb 302 Augmenter d&rsquo;un pourcentage <a href=\"https:\/\/collmathage.fr\/wp-content\/uploads\/2023\/06\/Tb-302-Augmenter-dun-pourcentage.pdf\" data-type=\"attachment\" data-id=\"950\" target=\"_blank\" rel=\"noreferrer noopener\"><img decoding=\"async\" width=\"20\" height=\"20\" class=\"wp-image-224\" style=\"width: 20px;\" src=\"https:\/\/collmathage.fr\/wp-content\/uploads\/2023\/05\/pdf-1.png\" alt=\"Cliquer sur cette image pour t\u00e9l\u00e9charger au format pdf\"><\/a> <a href=\"https:\/\/collmathage.fr\/wp-content\/uploads\/2023\/06\/Tb-302-Augmenter-dun-pourcentage.docx\" data-type=\"attachment\" data-id=\"949\"><img decoding=\"async\" width=\"20\" height=\"20\" class=\"wp-image-244\" style=\"width: 20px;\" src=\"https:\/\/collmathage.fr\/wp-content\/uploads\/2023\/05\/word.png\" alt=\"Cliquer cette image pour t\u00e9l\u00e9charger le document au format word\"><\/a><\/li>\n\n\n\n<li>Tb 303 Algorithmes de PGCD <a href=\"https:\/\/collmathage.fr\/wp-content\/uploads\/2023\/06\/Tb-303-Algorithmes-de-PGCD.pdf\" data-type=\"attachment\" data-id=\"952\" target=\"_blank\" rel=\"noreferrer noopener\"><img decoding=\"async\" width=\"20\" height=\"20\" class=\"wp-image-224\" style=\"width: 20px;\" src=\"https:\/\/collmathage.fr\/wp-content\/uploads\/2023\/05\/pdf-1.png\" alt=\"Cliquer sur cette image pour t\u00e9l\u00e9charger au format pdf\"><\/a> <a href=\"https:\/\/collmathage.fr\/wp-content\/uploads\/2023\/06\/Tb-303-Algorithmes-de-PGCD.docx\" data-type=\"attachment\" data-id=\"951\"><img decoding=\"async\" width=\"20\" height=\"20\" class=\"wp-image-244\" style=\"width: 20px;\" src=\"https:\/\/collmathage.fr\/wp-content\/uploads\/2023\/05\/word.png\" alt=\"Cliquer cette image pour t\u00e9l\u00e9charger le document au format word\"><\/a><\/li>\n<\/ul>\n\n\n\n<h2 class=\"wp-block-heading\">Scratch pour la 5e<\/h2>\n\n\n\n<p>Une longue activit\u00e9 en trois parties pour acqu\u00e9rir les quatre comp\u00e9tences d\u2019algorithmique au programme de 5e. Chaque partie dure en moyenne trois s\u00e9ances d&rsquo;une heure. <a rel=\"noreferrer noopener\" href=\"https:\/\/collmathage.fr\/wp-content\/uploads\/2023\/05\/scratch_document_1.pdf\" data-type=\"attachment\" data-id=\"218\" target=\"_blank\"><img decoding=\"async\" style=\"width: 20px;\" src=\"https:\/\/collmathage.fr\/wp-content\/uploads\/2023\/05\/pdf-1.png\" alt=\"Cliquer sur cette image pour t\u00e9l\u00e9charger au format pdf\"><\/a> <a href=\"https:\/\/collmathage.fr\/wp-content\/uploads\/2023\/05\/scratch_document_1.docx\" download=\"\" data-type=\"attachment\" data-id=\"671\"><img decoding=\"async\" width=\"20\" height=\"20\" class=\"wp-image-244\" style=\"width: 20px;\" src=\"https:\/\/collmathage.fr\/wp-content\/uploads\/2023\/05\/word.png\" alt=\"Cliquer cette image pour t\u00e9l\u00e9charger le document au format word\"><\/a><\/p>\n\n\n\n<h2 class=\"wp-block-heading\">GeoGebra<\/h2>\n\n\n\n<h4 class=\"wp-block-heading\"><img alt=\"\">GeoGebra pour la 6e<\/h4>\n\n\n\n<ul class=\"wp-block-list\">\n<li>D\u00e9couverte de GeoGebra <a href=\"https:\/\/collmathage.fr\/wp-content\/uploads\/2023\/05\/6eme_-_decouverte_de_geogebra.pdf\" target=\"_blank\" rel=\"noreferrer noopener\" data-type=\"attachment\" data-id=\"629\"><img decoding=\"async\" style=\"width: 20px;\" src=\"https:\/\/collmathage.fr\/wp-content\/uploads\/2023\/05\/pdf-1.png\" alt=\"Cliquer sur cette image pour t\u00e9l\u00e9charger au format pdf\"><\/a> <a href=\"https:\/\/collmathage.fr\/wp-content\/uploads\/2023\/05\/6eme_-_decouverte_de_geogebra.docx\" download=\"\" data-type=\"attachment\" data-id=\"628\"><img decoding=\"async\" style=\"width: 20px;\" src=\"https:\/\/collmathage.fr\/wp-content\/uploads\/2023\/05\/word.png\" alt=\"Cliquer cette image pour t\u00e9l\u00e9charger le document au format word\"><\/a><\/li>\n<\/ul>\n\n\n\n<h4 class=\"wp-block-heading\"><img alt=\"\">GeoGebra pour la 5e<\/h4>\n\n\n\n<ul class=\"wp-block-list\">\n<li>Sommes des angles d&rsquo;un triangle et GeoGebra <a href=\"https:\/\/collmathage.fr\/wp-content\/uploads\/2023\/05\/somme_des_angles_dun_triangle_avec_geogebra.pdf\" target=\"_blank\" rel=\"noreferrer noopener\" data-type=\"attachment\" data-id=\"613\"><img decoding=\"async\" style=\"width: 20px;\" src=\"https:\/\/collmathage.fr\/wp-content\/uploads\/2023\/05\/pdf-1.png\" alt=\"Cliquer sur cette image pour t\u00e9l\u00e9charger au format pdf\"><\/a> <a href=\"https:\/\/collmathage.fr\/wp-content\/uploads\/2023\/05\/somme_des_angles_dun_triangle_avec_geogebra.docx\" download=\"\"><img decoding=\"async\" style=\"width: 20px;\" src=\"https:\/\/collmathage.fr\/wp-content\/uploads\/2023\/05\/word.png\" alt=\"Cliquer cette image pour t\u00e9l\u00e9charger le document au format word\"><\/a><\/li>\n\n\n\n<li>La droite d&rsquo;Euler et les droites remarquables d&rsquo;un triangle <a href=\"https:\/\/collmathage.fr\/wp-content\/uploads\/2023\/05\/5eme_-_la_droite_deuler_avec_geogebra.pdf\" target=\"_blank\" rel=\"noreferrer noopener\" data-type=\"attachment\" data-id=\"627\"><img decoding=\"async\" style=\"width: 20px;\" src=\"https:\/\/collmathage.fr\/wp-content\/uploads\/2023\/05\/pdf-1.png\" alt=\"Cliquer sur cette image pour t\u00e9l\u00e9charger au format pdf\"><\/a> <a href=\"https:\/\/collmathage.fr\/wp-content\/uploads\/2023\/05\/5eme_-_la_droite_deuler_avec_geogebra.docx\" download=\"\" data-type=\"attachment\" data-id=\"626\"><img decoding=\"async\" style=\"width: 20px;\" src=\"https:\/\/collmathage.fr\/wp-content\/uploads\/2023\/05\/word.png\" alt=\"Cliquer cette image pour t\u00e9l\u00e9charger le document au format word\"><\/a><\/li>\n<\/ul>\n\n\n\n<h4 class=\"wp-block-heading\">GeoGebra pour la 4e<\/h4>\n\n\n\n<ul class=\"wp-block-list\">\n<li>Parall\u00e9logrammes particuliers et GeoGebra <a href=\"https:\/\/collmathage.fr\/wp-content\/uploads\/2023\/05\/parallelogrammes_particuliers_et_geogebra.pdf\" target=\"_blank\" rel=\"noreferrer noopener\" data-type=\"attachment\" data-id=\"604\"><img decoding=\"async\" style=\"width: 20px;\" src=\"https:\/\/collmathage.fr\/wp-content\/uploads\/2023\/05\/pdf-1.png\" alt=\"Cliquer sur cette image pour t\u00e9l\u00e9charger au format pdf\"><\/a> <a href=\"https:\/\/collmathage.fr\/wp-content\/uploads\/2023\/05\/parallelogrammes_particuliers_et_geogebra.docx\" download=\"\" data-type=\"attachment\" data-id=\"603\"><img decoding=\"async\" style=\"width: 20px;\" src=\"https:\/\/collmathage.fr\/wp-content\/uploads\/2023\/05\/word.png\" alt=\"Cliquer cette image pour t\u00e9l\u00e9charger le document au format word\"><\/a><\/li>\n\n\n\n<li>Triangles semblables et GeoGebra <a rel=\"noreferrer noopener\" href=\"https:\/\/collmathage.fr\/wp-content\/uploads\/2023\/05\/triangles_semblables_et_geogebra.pdf\" data-type=\"attachment\" data-id=\"602\" target=\"_blank\"><img decoding=\"async\" style=\"width: 20px;\" src=\"https:\/\/collmathage.fr\/wp-content\/uploads\/2023\/05\/pdf-1.png\" alt=\"Cliquer sur cette image pour t\u00e9l\u00e9charger au format pdf\"><\/a> <a download=\"\" href=\"https:\/\/collmathage.fr\/wp-content\/uploads\/2023\/05\/triangles_semblables_et_geogebra.docx\" data-type=\"attachment\" data-id=\"605\"><img decoding=\"async\" style=\"width: 20px;\" src=\"https:\/\/collmathage.fr\/wp-content\/uploads\/2023\/05\/word.png\" alt=\"Cliquer cette image pour t\u00e9l\u00e9charger le document au format word\"><\/a><\/li>\n<\/ul>\n\n\n\n<ul class=\"wp-block-list has-palette-color-5-background-color has-background\">\n<li><strong>LibreOffice<\/strong> est une suite bureautique gratuite en fran\u00e7ais que l&rsquo;on peut <a rel=\"noreferrer noopener\" href=\"https:\/\/fr.libreoffice.org\/download\/telecharger-libreoffice\/\" target=\"_blank\">t\u00e9l\u00e9charger sur leur site<\/a>.<\/li>\n\n\n\n<li><strong>Scratch <\/strong>est le logiciel gratuit s\u00e9lectionn\u00e9 par l\u2019\u00c9ducation Nationale pour apprendre l&rsquo;algorithmique au coll\u00e8ge : il peut <a rel=\"noreferrer noopener\" href=\"https:\/\/scratch.mit.edu\/\" target=\"_blank\">s&rsquo;utiliser en ligne<\/a> ou \u00eatre <a rel=\"noreferrer noopener\" href=\"https:\/\/scratch.mit.edu\/download\" target=\"_blank\">t\u00e9l\u00e9charg\u00e9<\/a>.<\/li>\n\n\n\n<li><strong>GeoGebra <\/strong>est un logiciel de g\u00e9om\u00e9trie dynamique gratuit en fran\u00e7ais. Le <a rel=\"noreferrer noopener\" href=\"https:\/\/www.geogebra.org\/?lang=fr\" target=\"_blank\">t\u00e9l\u00e9charger<\/a>.<\/li>\n<\/ul>\n","protected":false},"excerpt":{"rendered":"<p>Vous trouverez ici des activit\u00e9s pour apprendre \u00e0 ma\u00eetriser le tableur de LibreOffice, pour apprendre l\u2019algorithmique avec Scratch et utiliser le logiciel de g\u00e9om\u00e9trie dynamique GeoGebra. S\u00e9ances de tableur Tableur pour la 6e Tableur pour la 5e Tableur pour la 3e Scratch pour la 5e Une longue activit\u00e9 en trois parties pour acqu\u00e9rir les quatre [&hellip;]<\/p>\n","protected":false},"author":1,"featured_media":0,"parent":0,"menu_order":0,"comment_status":"closed","ping_status":"closed","template":"","meta":{"footnotes":""},"folder":[],"class_list":["post-37","page","type-page","status-publish","hentry"],"blocksy_meta":[],"_links":{"self":[{"href":"https:\/\/collmathage.fr\/index.php?rest_route=\/wp\/v2\/pages\/37","targetHints":{"allow":["GET"]}}],"collection":[{"href":"https:\/\/collmathage.fr\/index.php?rest_route=\/wp\/v2\/pages"}],"about":[{"href":"https:\/\/collmathage.fr\/index.php?rest_route=\/wp\/v2\/types\/page"}],"author":[{"embeddable":true,"href":"https:\/\/collmathage.fr\/index.php?rest_route=\/wp\/v2\/users\/1"}],"replies":[{"embeddable":true,"href":"https:\/\/collmathage.fr\/index.php?rest_route=%2Fwp%2Fv2%2Fcomments&post=37"}],"version-history":[{"count":49,"href":"https:\/\/collmathage.fr\/index.php?rest_route=\/wp\/v2\/pages\/37\/revisions"}],"predecessor-version":[{"id":2136,"href":"https:\/\/collmathage.fr\/index.php?rest_route=\/wp\/v2\/pages\/37\/revisions\/2136"}],"wp:attachment":[{"href":"https:\/\/collmathage.fr\/index.php?rest_route=%2Fwp%2Fv2%2Fmedia&parent=37"}],"wp:term":[{"taxonomy":"folder","embeddable":true,"href":"https:\/\/collmathage.fr\/index.php?rest_route=%2Fwp%2Fv2%2Ffolder&post=37"}],"curies":[{"name":"wp","href":"https:\/\/api.w.org\/{rel}","templated":true}]}}