{"id":43,"date":"2023-05-18T20:33:03","date_gmt":"2023-05-18T18:33:03","guid":{"rendered":"https:\/\/collmathage.fr\/?page_id=43"},"modified":"2025-10-05T18:37:12","modified_gmt":"2025-10-05T16:37:12","slug":"fiches-de-soutien-6e","status":"publish","type":"page","link":"https:\/\/collmathage.fr\/?page_id=43","title":{"rendered":"Fiches de soutien 6e"},"content":{"rendered":"\n<p>Cliquez sur <img decoding=\"async\" width=\"20\" height=\"20\" class=\"wp-image-224\" style=\"width: 20px;\" src=\"https:\/\/collmathage.fr\/wp-content\/uploads\/2023\/05\/pdf-1.png\" alt=\"Cliquer sur cette image pour t\u00e9l\u00e9charger au format pdf\"> pour visualiser le document en pdf dans un nouvel onglet ou sur <img decoding=\"async\" width=\"20\" height=\"20\" class=\"wp-image-244\" style=\"width: 20px;\" src=\"https:\/\/collmathage.fr\/wp-content\/uploads\/2023\/05\/word.png\" alt=\"Cliquer cette image pour t\u00e9l\u00e9charger le document au format word\"> pour le t\u00e9l\u00e9charger au format Microsoft Word.<\/p>\n\n\n\n<p>Avec l&rsquo;apparition des nouveaux programmes de 2025, plusieurs fiches ont \u00e9t\u00e9 d\u00e9plac\u00e9es dans la section hors-programme.<\/p>\n\n\n\n<div class=\"wp-block-buttons is-content-justification-center is-layout-flex wp-container-core-buttons-is-layout-a89b3969 wp-block-buttons-is-layout-flex\">\n<div class=\"wp-block-button\"><a class=\"wp-block-button__link wp-element-button\" href=\"https:\/\/collmathage.fr\/?p=839\" target=\"_blank\" rel=\"noreferrer noopener\">Acc\u00e8s aux corrections<\/a><\/div>\n<\/div>\n\n\n\n<h2 class=\"wp-block-heading\">Fractions<\/h2>\n\n\n\n<ul class=\"wp-block-list\">\n<li>Fr2 Calculer la fraction d\u2019une quantit\u00e9 <a href=\"https:\/\/collmathage.fr\/wp-content\/uploads\/2023\/05\/fr2_calculer_la_fraction_dune_quantite.pdf\" data-type=\"attachment\" data-id=\"314\" target=\"_blank\" rel=\"noreferrer noopener\"><img decoding=\"async\" width=\"20\" height=\"20\" class=\"wp-image-224\" style=\"width: 20px;\" src=\"https:\/\/collmathage.fr\/wp-content\/uploads\/2023\/05\/pdf-1.png\" alt=\"Cliquer sur cette image pour t\u00e9l\u00e9charger au format pdf\"><\/a> <a href=\"https:\/\/collmathage.fr\/wp-content\/uploads\/2023\/05\/fr2_calculer_la_fraction_dune_quantite.docx\" data-type=\"attachment\" data-id=\"784\"><img decoding=\"async\" width=\"20\" height=\"20\" class=\"wp-image-244\" style=\"width: 20px;\" src=\"https:\/\/collmathage.fr\/wp-content\/uploads\/2023\/05\/word.png\" alt=\"Cliquer cette image pour t\u00e9l\u00e9charger le document au format word\"><\/a><\/li>\n<\/ul>\n\n\n\n<h2 class=\"wp-block-heading\">G\u00e9om\u00e9trie<\/h2>\n\n\n\n<ul class=\"wp-block-list\">\n<li>Ge1 Construire le milieu d\u2019un segment au compas <a href=\"https:\/\/collmathage.fr\/wp-content\/uploads\/2023\/05\/dr2_construire_le_milieu_dun_segment.pdf\" data-type=\"attachment\" data-id=\"300\" target=\"_blank\" rel=\"noreferrer noopener\"><img decoding=\"async\" width=\"20\" height=\"20\" class=\"wp-image-224\" style=\"width: 20px;\" src=\"https:\/\/collmathage.fr\/wp-content\/uploads\/2023\/05\/pdf-1.png\" alt=\"Cliquer sur cette image pour t\u00e9l\u00e9charger au format pdf\"><\/a> <a href=\"https:\/\/collmathage.fr\/wp-content\/uploads\/2023\/05\/dr2_construire_le_milieu_dun_segment.docx\" data-type=\"attachment\" data-id=\"770\"><img decoding=\"async\" width=\"20\" height=\"20\" class=\"wp-image-244\" style=\"width: 20px;\" src=\"https:\/\/collmathage.fr\/wp-content\/uploads\/2023\/05\/word.png\" alt=\"Cliquer cette image pour t\u00e9l\u00e9charger le document au format word\"><\/a><\/li>\n\n\n\n<li>Ge1 Conna\u00eetre le vocabulaire du cercle <a href=\"https:\/\/collmathage.fr\/wp-content\/uploads\/2023\/05\/fg8_connaitre_le_vocabulaire_du_cercle.pdf\" data-type=\"attachment\" data-id=\"313\" target=\"_blank\" rel=\"noreferrer noopener\"><img decoding=\"async\" width=\"20\" height=\"20\" class=\"wp-image-224\" style=\"width: 20px;\" src=\"https:\/\/collmathage.fr\/wp-content\/uploads\/2023\/05\/pdf-1.png\" alt=\"Cliquer sur cette image pour t\u00e9l\u00e9charger au format pdf\"><\/a> <a href=\"https:\/\/collmathage.fr\/wp-content\/uploads\/2023\/05\/fg8_connaitre_le_vocabulaire_du_cercle.docx\" data-type=\"attachment\" data-id=\"783\"><img decoding=\"async\" width=\"20\" height=\"20\" class=\"wp-image-244\" style=\"width: 20px;\" src=\"https:\/\/collmathage.fr\/wp-content\/uploads\/2023\/05\/word.png\" alt=\"Cliquer cette image pour t\u00e9l\u00e9charger le document au format word\"><\/a><\/li>\n\n\n\n<li>Ge2 Conna\u00eetre la d\u00e9finition du cercle <a href=\"https:\/\/collmathage.fr\/wp-content\/uploads\/2023\/05\/fg7_connaitre_la_definition_du_cercle.pdf\" data-type=\"attachment\" data-id=\"312\" target=\"_blank\" rel=\"noreferrer noopener\"><img decoding=\"async\" width=\"20\" height=\"20\" class=\"wp-image-224\" style=\"width: 20px;\" src=\"https:\/\/collmathage.fr\/wp-content\/uploads\/2023\/05\/pdf-1.png\" alt=\"Cliquer sur cette image pour t\u00e9l\u00e9charger au format pdf\"><\/a> <a href=\"https:\/\/collmathage.fr\/wp-content\/uploads\/2023\/05\/fg7_connaitre_la_definition_du_cercle.docx\" data-type=\"attachment\" data-id=\"782\"><img decoding=\"async\" width=\"20\" height=\"20\" class=\"wp-image-244\" style=\"width: 20px;\" src=\"https:\/\/collmathage.fr\/wp-content\/uploads\/2023\/05\/word.png\" alt=\"Cliquer cette image pour t\u00e9l\u00e9charger le document au format word\"><\/a><\/li>\n\n\n\n<li>Ge3 Reporter une longueur <a href=\"https:\/\/collmathage.fr\/wp-content\/uploads\/2023\/05\/dr3_reporter_une_longueur.pdf\" data-type=\"attachment\" data-id=\"301\" target=\"_blank\" rel=\"noreferrer noopener\"><img decoding=\"async\" width=\"20\" height=\"20\" class=\"wp-image-224\" style=\"width: 20px;\" src=\"https:\/\/collmathage.fr\/wp-content\/uploads\/2023\/05\/pdf-1.png\" alt=\"Cliquer sur cette image pour t\u00e9l\u00e9charger au format pdf\"><\/a> <a href=\"https:\/\/collmathage.fr\/wp-content\/uploads\/2023\/05\/dr3_reporter_une_longueur.docx\" data-type=\"attachment\" data-id=\"771\"><img decoding=\"async\" width=\"20\" height=\"20\" class=\"wp-image-244\" style=\"width: 20px;\" src=\"https:\/\/collmathage.fr\/wp-content\/uploads\/2023\/05\/word.png\" alt=\"Cliquer cette image pour t\u00e9l\u00e9charger le document au format word\"><\/a><\/li>\n\n\n\n<li>Ge4 Tracer la m\u00e9diatrice d\u2019un segment <a href=\"https:\/\/collmathage.fr\/wp-content\/uploads\/2023\/05\/dr6_tracer_la_mediatrice_dun_segment.pdf\" data-type=\"attachment\" data-id=\"304\" target=\"_blank\" rel=\"noreferrer noopener\"><img decoding=\"async\" width=\"20\" height=\"20\" class=\"wp-image-224\" style=\"width: 20px;\" src=\"https:\/\/collmathage.fr\/wp-content\/uploads\/2023\/05\/pdf-1.png\" alt=\"Cliquer sur cette image pour t\u00e9l\u00e9charger au format pdf\"><\/a> <a href=\"https:\/\/collmathage.fr\/wp-content\/uploads\/2023\/05\/dr6_tracer_la_mediatrice_dun_segment.docx\" data-type=\"attachment\" data-id=\"774\"><img decoding=\"async\" width=\"20\" height=\"20\" class=\"wp-image-244\" style=\"width: 20px;\" src=\"https:\/\/collmathage.fr\/wp-content\/uploads\/2023\/05\/word.png\" alt=\"Cliquer cette image pour t\u00e9l\u00e9charger le document au format word\"><\/a><\/li>\n\n\n\n<li>Ge4 Conna\u00eetre les propri\u00e9t\u00e9s de la m\u00e9diatrice <a href=\"https:\/\/collmathage.fr\/wp-content\/uploads\/2023\/05\/dr7_connaitre_les_proprietes_de_la_mediatrice.pdf\" data-type=\"attachment\" data-id=\"305\" target=\"_blank\" rel=\"noreferrer noopener\"><img decoding=\"async\" width=\"20\" height=\"20\" class=\"wp-image-224\" style=\"width: 20px;\" src=\"https:\/\/collmathage.fr\/wp-content\/uploads\/2023\/05\/pdf-1.png\" alt=\"Cliquer sur cette image pour t\u00e9l\u00e9charger au format pdf\"><\/a> <a href=\"https:\/\/collmathage.fr\/wp-content\/uploads\/2023\/05\/dr7_connaitre_les_proprietes_de_la_mediatrice.docx\" data-type=\"attachment\" data-id=\"775\"><img decoding=\"async\" width=\"20\" height=\"20\" class=\"wp-image-244\" style=\"width: 20px;\" src=\"https:\/\/collmathage.fr\/wp-content\/uploads\/2023\/05\/word.png\" alt=\"Cliquer cette image pour t\u00e9l\u00e9charger le document au format word\"><\/a><\/li>\n<\/ul>\n\n\n\n<h2 class=\"wp-block-heading\">Gestion des donn\u00e9es<\/h2>\n\n\n\n<ul class=\"wp-block-list\">\n<li>GD3 Appliquer des pourcentages <a href=\"https:\/\/collmathage.fr\/wp-content\/uploads\/2023\/05\/gd3_appliquer_des_pourcentages.pdf\" data-type=\"attachment\" data-id=\"315\" target=\"_blank\" rel=\"noreferrer noopener\"><img decoding=\"async\" width=\"20\" height=\"20\" class=\"wp-image-224\" style=\"width: 20px;\" src=\"https:\/\/collmathage.fr\/wp-content\/uploads\/2023\/05\/pdf-1.png\" alt=\"Cliquer sur cette image pour t\u00e9l\u00e9charger au format pdf\"><\/a> <a href=\"https:\/\/collmathage.fr\/wp-content\/uploads\/2023\/05\/gd3_appliquer_des_pourcentages.docx\" data-type=\"attachment\" data-id=\"785\"><img decoding=\"async\" width=\"20\" height=\"20\" class=\"wp-image-244\" style=\"width: 20px;\" src=\"https:\/\/collmathage.fr\/wp-content\/uploads\/2023\/05\/word.png\" alt=\"Cliquer cette image pour t\u00e9l\u00e9charger le document au format word\"><\/a><\/li>\n<\/ul>\n\n\n\n<h2 class=\"wp-block-heading\">Grandeurs et mesures<\/h2>\n\n\n\n<ul class=\"wp-block-list\">\n<li>Gr1 Calculer une longueur <a href=\"https:\/\/collmathage.fr\/wp-content\/uploads\/2023\/05\/gr1_calculer_des_longueurs.pdf\" data-type=\"attachment\" data-id=\"316\" target=\"_blank\" rel=\"noreferrer noopener\"><img decoding=\"async\" width=\"20\" height=\"20\" class=\"wp-image-224\" style=\"width: 20px;\" src=\"https:\/\/collmathage.fr\/wp-content\/uploads\/2023\/05\/pdf-1.png\" alt=\"Cliquer sur cette image pour t\u00e9l\u00e9charger au format pdf\"><\/a> <a href=\"https:\/\/collmathage.fr\/wp-content\/uploads\/2023\/05\/gr1_calculer_des_longueurs.docx\" data-type=\"attachment\" data-id=\"786\"><img decoding=\"async\" width=\"20\" height=\"20\" class=\"wp-image-244\" style=\"width: 20px;\" src=\"https:\/\/collmathage.fr\/wp-content\/uploads\/2023\/05\/word.png\" alt=\"Cliquer cette image pour t\u00e9l\u00e9charger le document au format word\"><\/a><\/li>\n\n\n\n<li>Gr2 Convertir des unit\u00e9s de longueur, masse et capacit\u00e9 <a href=\"https:\/\/collmathage.fr\/wp-content\/uploads\/2023\/05\/gr2_convertir_des_unites_de_longueur_masse_et_capacite.pdf\" data-type=\"attachment\" data-id=\"317\" target=\"_blank\" rel=\"noreferrer noopener\"><img decoding=\"async\" width=\"20\" height=\"20\" class=\"wp-image-224\" style=\"width: 20px;\" src=\"https:\/\/collmathage.fr\/wp-content\/uploads\/2023\/05\/pdf-1.png\" alt=\"Cliquer sur cette image pour t\u00e9l\u00e9charger au format pdf\"><\/a> <a href=\"https:\/\/collmathage.fr\/wp-content\/uploads\/2023\/05\/gr2_convertir_des_unites_de_longueur_masse_et_capacite.docx\" data-type=\"attachment\" data-id=\"787\"><img decoding=\"async\" width=\"20\" height=\"20\" class=\"wp-image-244\" style=\"width: 20px;\" src=\"https:\/\/collmathage.fr\/wp-content\/uploads\/2023\/05\/word.png\" alt=\"Cliquer cette image pour t\u00e9l\u00e9charger le document au format word\"><\/a><\/li>\n\n\n\n<li>Gr5 Calculer avec des dur\u00e9es <a href=\"https:\/\/collmathage.fr\/wp-content\/uploads\/2023\/05\/Gr5-Calculer-avec-des-durees.pdf\" data-type=\"attachment\" data-id=\"318\" target=\"_blank\" rel=\"noreferrer noopener\"><img decoding=\"async\" width=\"20\" height=\"20\" class=\"wp-image-224\" style=\"width: 20px;\" src=\"https:\/\/collmathage.fr\/wp-content\/uploads\/2023\/05\/pdf-1.png\" alt=\"Cliquer sur cette image pour t\u00e9l\u00e9charger au format pdf\"><\/a> <a href=\"https:\/\/collmathage.fr\/wp-content\/uploads\/2023\/05\/Gr5-Calculer-avec-des-durees.docx\" data-type=\"attachment\" data-id=\"788\"><img decoding=\"async\" width=\"20\" height=\"20\" class=\"wp-image-244\" style=\"width: 20px;\" src=\"https:\/\/collmathage.fr\/wp-content\/uploads\/2023\/05\/word.png\" alt=\"Cliquer cette image pour t\u00e9l\u00e9charger le document au format word\"><\/a><\/li>\n<\/ul>\n\n\n\n<h2 class=\"wp-block-heading\">Num\u00e9ration<\/h2>\n\n\n\n<ul class=\"wp-block-list\">\n<li>Nu1 Comprendre et utiliser l&rsquo;\u00e9criture d\u00e9cimale <a href=\"https:\/\/collmathage.fr\/wp-content\/uploads\/2023\/05\/Nu1-Comprendre-et-utiliser-lecriture-decimale.pdf\" data-type=\"attachment\" data-id=\"319\" target=\"_blank\" rel=\"noreferrer noopener\"><img decoding=\"async\" width=\"20\" height=\"20\" class=\"wp-image-224\" style=\"width: 20px;\" src=\"https:\/\/collmathage.fr\/wp-content\/uploads\/2023\/05\/pdf-1.png\" alt=\"Cliquer sur cette image pour t\u00e9l\u00e9charger au format pdf\"><\/a> <a href=\"https:\/\/collmathage.fr\/wp-content\/uploads\/2023\/05\/Nu1-Comprendre-et-utiliser-lecriture-decimale.docx\" data-type=\"attachment\" data-id=\"789\"><img decoding=\"async\" width=\"20\" height=\"20\" class=\"wp-image-244\" style=\"width: 20px;\" src=\"https:\/\/collmathage.fr\/wp-content\/uploads\/2023\/05\/word.png\" alt=\"Cliquer cette image pour t\u00e9l\u00e9charger le document au format word\"><\/a><\/li>\n\n\n\n<li>Nu2 Conna\u00eetre les diff\u00e9rentes \u00e9critures des nombres <a href=\"https:\/\/collmathage.fr\/wp-content\/uploads\/2023\/05\/Nu2-Connaitre-les-differentes-ecritures-des-nombres.pdf\" data-type=\"attachment\" data-id=\"342\" target=\"_blank\" rel=\"noreferrer noopener\"><img decoding=\"async\" width=\"20\" height=\"20\" class=\"wp-image-224\" style=\"width: 20px;\" src=\"https:\/\/collmathage.fr\/wp-content\/uploads\/2023\/05\/pdf-1.png\" alt=\"Cliquer sur cette image pour t\u00e9l\u00e9charger au format pdf\"><\/a> <a href=\"https:\/\/collmathage.fr\/wp-content\/uploads\/2023\/05\/Nu2-Connaitre-les-differentes-ecritures-des-nombres.docx\" data-type=\"attachment\" data-id=\"791\"><img decoding=\"async\" width=\"20\" height=\"20\" class=\"wp-image-244\" style=\"width: 20px;\" src=\"https:\/\/collmathage.fr\/wp-content\/uploads\/2023\/05\/word.png\" alt=\"Cliquer cette image pour t\u00e9l\u00e9charger le document au format word\"><\/a><\/li>\n\n\n\n<li>Nu3 Utiliser des droites gradu\u00e9es <a href=\"https:\/\/collmathage.fr\/wp-content\/uploads\/2023\/05\/Nu3-Utiliser-des-droites-graduees.pdf\" data-type=\"attachment\" data-id=\"343\" target=\"_blank\" rel=\"noreferrer noopener\"><img decoding=\"async\" width=\"20\" height=\"20\" class=\"wp-image-224\" style=\"width: 20px;\" src=\"https:\/\/collmathage.fr\/wp-content\/uploads\/2023\/05\/pdf-1.png\" alt=\"Cliquer sur cette image pour t\u00e9l\u00e9charger au format pdf\"><\/a> <a href=\"https:\/\/collmathage.fr\/wp-content\/uploads\/2023\/05\/Nu3-Utiliser-des-droites-graduees.docx\" data-type=\"attachment\" data-id=\"793\"><img decoding=\"async\" width=\"20\" height=\"20\" class=\"wp-image-244\" style=\"width: 20px;\" src=\"https:\/\/collmathage.fr\/wp-content\/uploads\/2023\/05\/word.png\" alt=\"Cliquer cette image pour t\u00e9l\u00e9charger le document au format word\"><\/a><\/li>\n\n\n\n<li>Nu4 Comparer et ranger des nombres <a href=\"https:\/\/collmathage.fr\/wp-content\/uploads\/2023\/05\/Nu4-Comparer-et-ranger-des-nombres.pdf\" data-type=\"attachment\" data-id=\"323\" target=\"_blank\" rel=\"noreferrer noopener\"><img decoding=\"async\" width=\"20\" height=\"20\" class=\"wp-image-224\" style=\"width: 20px;\" src=\"https:\/\/collmathage.fr\/wp-content\/uploads\/2023\/05\/pdf-1.png\" alt=\"Cliquer sur cette image pour t\u00e9l\u00e9charger au format pdf\"><\/a> <a href=\"https:\/\/collmathage.fr\/wp-content\/uploads\/2023\/05\/Nu4-Comparer-et-ranger-des-nombres.docx\" data-type=\"attachment\" data-id=\"794\"><img decoding=\"async\" width=\"20\" height=\"20\" class=\"wp-image-244\" style=\"width: 20px;\" src=\"https:\/\/collmathage.fr\/wp-content\/uploads\/2023\/05\/word.png\" alt=\"Cliquer cette image pour t\u00e9l\u00e9charger le document au format word\"><\/a><\/li>\n\n\n\n<li>Nu5 Arrondir ou tronquer un nombre d\u00e9cimal <a href=\"https:\/\/collmathage.fr\/wp-content\/uploads\/2023\/05\/nu5_arrondir_ou_tronquer_un_nombre.pdf\" target=\"_blank\" rel=\"noreferrer noopener\"><img decoding=\"async\" width=\"20\" height=\"20\" src=\"https:\/\/collmathage.fr\/wp-content\/uploads\/2023\/05\/pdf-1.png\" alt=\"Cliquer sur cette image pour t\u00e9l\u00e9charger au format pdf\"><\/a> <a href=\"https:\/\/collmathage.fr\/wp-content\/uploads\/2025\/10\/Nu5-Arrondir-ou-tronquer-un-nombre.docx\" data-type=\"attachment\" data-id=\"2456\"><img decoding=\"async\" width=\"20\" height=\"20\" class=\"wp-image-244\" style=\"width: 20px;\" src=\"https:\/\/collmathage.fr\/wp-content\/uploads\/2023\/05\/word.png\" alt=\"Cliquer cette image pour t\u00e9l\u00e9charger le document au format word\"><\/a><\/li>\n\n\n\n<li>Nu6 Encadrer, intercaler <a href=\"https:\/\/collmathage.fr\/wp-content\/uploads\/2025\/10\/Nu6-Encadrer-intercaler.pdf\" data-type=\"attachment\" data-id=\"2453\" target=\"_blank\" rel=\"noreferrer noopener\"><img decoding=\"async\" width=\"20\" height=\"20\" class=\"wp-image-224\" style=\"width: 20px;\" src=\"https:\/\/collmathage.fr\/wp-content\/uploads\/2023\/05\/pdf-1.png\" alt=\"Cliquer sur cette image pour t\u00e9l\u00e9charger au format pdf\"><\/a> <a href=\"https:\/\/collmathage.fr\/wp-content\/uploads\/2023\/05\/Nu6-Encadrer-intercaler.docx\" data-type=\"attachment\" data-id=\"795\"><img decoding=\"async\" width=\"20\" height=\"20\" class=\"wp-image-244\" style=\"width: 20px;\" src=\"https:\/\/collmathage.fr\/wp-content\/uploads\/2023\/05\/word.png\" alt=\"Cliquer cette image pour t\u00e9l\u00e9charger le document au format word\"><\/a><\/li>\n<\/ul>\n\n\n\n<h2 class=\"wp-block-heading\">Op\u00e9rations<\/h2>\n\n\n\n<ul class=\"wp-block-list\">\n<li>Op5 Poser et effectuer une addition <a href=\"https:\/\/collmathage.fr\/wp-content\/uploads\/2025\/01\/Op5-Poser-et-effectuer-une-addition.pdf\" data-type=\"attachment\" data-id=\"2111\" target=\"_blank\" rel=\"noreferrer noopener\"><img decoding=\"async\" width=\"20\" height=\"20\" class=\"wp-image-224\" style=\"width: 20px;\" src=\"https:\/\/collmathage.fr\/wp-content\/uploads\/2023\/05\/pdf-1.png\" alt=\"Cliquer sur cette image pour t\u00e9l\u00e9charger au format pdf\"><\/a> <a href=\"https:\/\/collmathage.fr\/wp-content\/uploads\/2025\/01\/Op5-Poser-et-effectuer-une-addition.docx\" data-type=\"attachment\" data-id=\"2110\"><img decoding=\"async\" width=\"20\" height=\"20\" class=\"wp-image-244\" style=\"width: 20px;\" src=\"https:\/\/collmathage.fr\/wp-content\/uploads\/2023\/05\/word.png\" alt=\"Cliquer cette image pour t\u00e9l\u00e9charger le document au format word\"><\/a><\/li>\n\n\n\n<li>Op6 Poser et effectuer une soustraction <a href=\"https:\/\/collmathage.fr\/wp-content\/uploads\/2023\/05\/op6_poser_et_effectuer_une_soustraction.pdf\" data-type=\"attachment\" data-id=\"326\" target=\"_blank\" rel=\"noreferrer noopener\"><img decoding=\"async\" width=\"20\" height=\"20\" class=\"wp-image-224\" style=\"width: 20px;\" src=\"https:\/\/collmathage.fr\/wp-content\/uploads\/2023\/05\/pdf-1.png\" alt=\"Cliquer sur cette image pour t\u00e9l\u00e9charger au format pdf\"><\/a> <a href=\"https:\/\/collmathage.fr\/wp-content\/uploads\/2023\/05\/op6_poser_et_effectuer_une_soustraction.docx\" data-type=\"attachment\" data-id=\"797\"><img decoding=\"async\" width=\"20\" height=\"20\" class=\"wp-image-244\" style=\"width: 20px;\" src=\"https:\/\/collmathage.fr\/wp-content\/uploads\/2023\/05\/word.png\" alt=\"Cliquer cette image pour t\u00e9l\u00e9charger le document au format word\"><\/a><\/li>\n\n\n\n<li>Op7 Poser et effectuer une multiplication <a rel=\"noreferrer noopener\" href=\"https:\/\/collmathage.fr\/wp-content\/uploads\/2023\/05\/op7_poser_et_effectuer_une_multiplication.pdf\" data-type=\"attachment\" data-id=\"327\" target=\"_blank\"><img decoding=\"async\" width=\"20\" height=\"20\" class=\"wp-image-224\" style=\"width: 20px;\" src=\"https:\/\/collmathage.fr\/wp-content\/uploads\/2023\/05\/pdf-1.png\" alt=\"Cliquer sur cette image pour t\u00e9l\u00e9charger au format pdf\"><\/a> <a href=\"https:\/\/collmathage.fr\/wp-content\/uploads\/2023\/05\/op7_poser_et_effectuer_une_multiplication.docx\" data-type=\"attachment\" data-id=\"767\"><img decoding=\"async\" width=\"20\" height=\"20\" class=\"wp-image-244\" style=\"width: 20px;\" src=\"https:\/\/collmathage.fr\/wp-content\/uploads\/2023\/05\/word.png\" alt=\"Cliquer cette image pour t\u00e9l\u00e9charger le document au format word\"><\/a> <\/li>\n\n\n\n<li>Op9 Multiplier ou diviser par 10, 100 ou 1 000, ou par 0,5 <a href=\"https:\/\/collmathage.fr\/wp-content\/uploads\/2023\/05\/Op9-Multiplier-ou-diviser-par-10-100-1000-05.pdf\" data-type=\"attachment\" data-id=\"325\" target=\"_blank\" rel=\"noreferrer noopener\"><img decoding=\"async\" width=\"20\" height=\"20\" class=\"wp-image-224\" style=\"width: 20px;\" src=\"https:\/\/collmathage.fr\/wp-content\/uploads\/2023\/05\/pdf-1.png\" alt=\"Cliquer sur cette image pour t\u00e9l\u00e9charger au format pdf\"><\/a> <a href=\"https:\/\/collmathage.fr\/wp-content\/uploads\/2023\/05\/Op9-Multiplier-ou-diviser-par-10-100-1000-05.docx\" data-type=\"attachment\" data-id=\"796\"><img decoding=\"async\" width=\"20\" height=\"20\" class=\"wp-image-244\" style=\"width: 20px;\" src=\"https:\/\/collmathage.fr\/wp-content\/uploads\/2023\/05\/word.png\" alt=\"Cliquer cette image pour t\u00e9l\u00e9charger le document au format word\"><\/a><\/li>\n\n\n\n<li>Op13 Calculer le terme manquant d&rsquo;une somme <a href=\"https:\/\/collmathage.fr\/wp-content\/uploads\/2023\/05\/op13_calculer_le_terme_manquant_dune_somme.pdf\" data-type=\"attachment\" data-id=\"328\" target=\"_blank\" rel=\"noreferrer noopener\"><img decoding=\"async\" width=\"20\" height=\"20\" class=\"wp-image-224\" style=\"width: 20px;\" src=\"https:\/\/collmathage.fr\/wp-content\/uploads\/2023\/05\/pdf-1.png\" alt=\"Cliquer sur cette image pour t\u00e9l\u00e9charger au format pdf\"><\/a> <a href=\"https:\/\/collmathage.fr\/wp-content\/uploads\/2023\/05\/op13_calculer_le_terme_manquant_dune_somme.docx\" data-type=\"attachment\" data-id=\"768\"><img decoding=\"async\" width=\"20\" height=\"20\" class=\"wp-image-244\" style=\"width: 20px;\" src=\"https:\/\/collmathage.fr\/wp-content\/uploads\/2023\/05\/word.png\" alt=\"Cliquer cette image pour t\u00e9l\u00e9charger le document au format word\"><\/a><\/li>\n<\/ul>\n\n\n\n<div class=\"wp-block-buttons is-content-justification-center is-layout-flex wp-container-core-buttons-is-layout-a89b3969 wp-block-buttons-is-layout-flex\">\n<div class=\"wp-block-button\"><a class=\"wp-block-button__link wp-element-button\" href=\"https:\/\/collmathage.fr\/?p=839\" target=\"_blank\" rel=\"noreferrer noopener\">Acc\u00e8s aux corrections<\/a><\/div>\n<\/div>\n\n\n\n<p><\/p>\n","protected":false},"excerpt":{"rendered":"<p>Cliquez sur pour visualiser le document en pdf dans un nouvel onglet ou sur pour le t\u00e9l\u00e9charger au format Microsoft Word. Avec l&rsquo;apparition des nouveaux programmes de 2025, plusieurs fiches ont \u00e9t\u00e9 d\u00e9plac\u00e9es dans la section hors-programme. Fractions G\u00e9om\u00e9trie Gestion des donn\u00e9es Grandeurs et mesures Num\u00e9ration Op\u00e9rations<\/p>\n","protected":false},"author":1,"featured_media":0,"parent":0,"menu_order":0,"comment_status":"closed","ping_status":"closed","template":"","meta":{"footnotes":""},"folder":[],"class_list":["post-43","page","type-page","status-publish","hentry"],"blocksy_meta":[],"_links":{"self":[{"href":"https:\/\/collmathage.fr\/index.php?rest_route=\/wp\/v2\/pages\/43","targetHints":{"allow":["GET"]}}],"collection":[{"href":"https:\/\/collmathage.fr\/index.php?rest_route=\/wp\/v2\/pages"}],"about":[{"href":"https:\/\/collmathage.fr\/index.php?rest_route=\/wp\/v2\/types\/page"}],"author":[{"embeddable":true,"href":"https:\/\/collmathage.fr\/index.php?rest_route=\/wp\/v2\/users\/1"}],"replies":[{"embeddable":true,"href":"https:\/\/collmathage.fr\/index.php?rest_route=%2Fwp%2Fv2%2Fcomments&post=43"}],"version-history":[{"count":30,"href":"https:\/\/collmathage.fr\/index.php?rest_route=\/wp\/v2\/pages\/43\/revisions"}],"predecessor-version":[{"id":2510,"href":"https:\/\/collmathage.fr\/index.php?rest_route=\/wp\/v2\/pages\/43\/revisions\/2510"}],"wp:attachment":[{"href":"https:\/\/collmathage.fr\/index.php?rest_route=%2Fwp%2Fv2%2Fmedia&parent=43"}],"wp:term":[{"taxonomy":"folder","embeddable":true,"href":"https:\/\/collmathage.fr\/index.php?rest_route=%2Fwp%2Fv2%2Ffolder&post=43"}],"curies":[{"name":"wp","href":"https:\/\/api.w.org\/{rel}","templated":true}]}}