{"id":47,"date":"2023-05-18T20:33:40","date_gmt":"2023-05-18T18:33:40","guid":{"rendered":"https:\/\/collmathage.fr\/?page_id=47"},"modified":"2024-09-17T19:46:33","modified_gmt":"2024-09-17T17:46:33","slug":"fiches-de-soutien-4e","status":"publish","type":"page","link":"https:\/\/collmathage.fr\/?page_id=47","title":{"rendered":"Fiches de soutien 4e"},"content":{"rendered":"\n<p>Cliquez sur <img decoding=\"async\" width=\"20\" height=\"20\" class=\"wp-image-224\" style=\"width: 20px;\" src=\"https:\/\/collmathage.fr\/wp-content\/uploads\/2023\/05\/pdf-1.png\" alt=\"Cliquer sur cette image pour t\u00e9l\u00e9charger au format pdf\"> pour visualiser le document en pdf dans un nouvel onglet ou sur <img decoding=\"async\" width=\"20\" height=\"20\" class=\"wp-image-244\" style=\"width: 20px;\" src=\"https:\/\/collmathage.fr\/wp-content\/uploads\/2023\/05\/word.png\" alt=\"Cliquer cette image pour t\u00e9l\u00e9charger le document au format word\"> pour le t\u00e9l\u00e9charger au format Microsoft Word.<\/p>\n\n\n\n<div class=\"wp-block-buttons is-content-justification-center is-layout-flex wp-container-core-buttons-is-layout-a89b3969 wp-block-buttons-is-layout-flex\">\n<div class=\"wp-block-button\"><a class=\"wp-block-button__link wp-element-button\" href=\"https:\/\/collmathage.fr\/?p=839\" target=\"_blank\" rel=\"noreferrer noopener\">Acc\u00e8s aux corrections<\/a><\/div>\n<\/div>\n\n\n\n<h2 class=\"wp-block-heading\">Calcul litt\u00e9ral<\/h2>\n\n\n\n<ul class=\"wp-block-list\">\n<li>CL3 R\u00e9duire une expression litt\u00e9rale <a rel=\"noreferrer noopener\" href=\"https:\/\/collmathage.fr\/wp-content\/uploads\/2023\/05\/cl3_reduire_une_expression_litterale.pdf\" data-type=\"attachment\" data-id=\"471\" target=\"_blank\"><img decoding=\"async\" width=\"20\" height=\"20\" class=\"wp-image-224\" style=\"width: 20px;\" src=\"https:\/\/collmathage.fr\/wp-content\/uploads\/2023\/05\/pdf-1.png\" alt=\"Cliquer sur cette image pour t\u00e9l\u00e9charger au format pdf\"><\/a> <a href=\"https:\/\/collmathage.fr\/wp-content\/uploads\/2023\/05\/cl3_reduire_une_expression_litterale.docx\" data-type=\"attachment\" data-id=\"800\"><img decoding=\"async\" width=\"20\" height=\"20\" class=\"wp-image-244\" style=\"width: 20px;\" src=\"https:\/\/collmathage.fr\/wp-content\/uploads\/2023\/05\/word.png\" alt=\"Cliquer cette image pour t\u00e9l\u00e9charger le document au format word\"><\/a><\/li>\n\n\n\n<li>CL4 Calculer une expression litt\u00e9rale pour une valeur donn\u00e9e <a rel=\"noreferrer noopener\" href=\"https:\/\/collmathage.fr\/wp-content\/uploads\/2023\/05\/cl4_calculer_une_expression_litterale_pour_une_valeur_donnee.pdf\" data-type=\"attachment\" data-id=\"472\" target=\"_blank\"><img decoding=\"async\" width=\"20\" height=\"20\" class=\"wp-image-224\" style=\"width: 20px;\" src=\"https:\/\/collmathage.fr\/wp-content\/uploads\/2023\/05\/pdf-1.png\" alt=\"Cliquer sur cette image pour t\u00e9l\u00e9charger au format pdf\"><\/a> <a href=\"https:\/\/collmathage.fr\/wp-content\/uploads\/2023\/05\/cl4_calculer_une_expression_litterale_pour_une_valeur_donnee.docx\" data-type=\"attachment\" data-id=\"801\"><img decoding=\"async\" width=\"20\" height=\"20\" class=\"wp-image-244\" style=\"width: 20px;\" src=\"https:\/\/collmathage.fr\/wp-content\/uploads\/2023\/05\/word.png\" alt=\"Cliquer cette image pour t\u00e9l\u00e9charger le document au format word\"><\/a><\/li>\n\n\n\n<li>CL6 Factoriser avec un facteur commun <a rel=\"noreferrer noopener\" href=\"https:\/\/collmathage.fr\/wp-content\/uploads\/2023\/05\/cl6_factoriser_avec_un_facteur_commun.pdf\" data-type=\"attachment\" data-id=\"473\" target=\"_blank\"><img decoding=\"async\" width=\"20\" height=\"20\" class=\"wp-image-224\" style=\"width: 20px;\" src=\"https:\/\/collmathage.fr\/wp-content\/uploads\/2023\/05\/pdf-1.png\" alt=\"Cliquer sur cette image pour t\u00e9l\u00e9charger au format pdf\"><\/a> <a href=\"https:\/\/collmathage.fr\/wp-content\/uploads\/2023\/05\/cl6_factoriser_avec_un_facteur_commun.docx\" data-type=\"attachment\" data-id=\"802\"><img decoding=\"async\" width=\"20\" height=\"20\" class=\"wp-image-244\" style=\"width: 20px;\" src=\"https:\/\/collmathage.fr\/wp-content\/uploads\/2023\/05\/word.png\" alt=\"Cliquer cette image pour t\u00e9l\u00e9charger le document au format word\"><\/a><\/li>\n<\/ul>\n\n\n\n<h2 class=\"wp-block-heading\">\u00c9critures fractionnaires<\/h2>\n\n\n\n<ul class=\"wp-block-list\">\n<li>EF5 Multiplier des fractions <a rel=\"noreferrer noopener\" href=\"https:\/\/collmathage.fr\/wp-content\/uploads\/2023\/05\/ef5_multiplier_des_fractions.pdf\" data-type=\"attachment\" data-id=\"474\" target=\"_blank\"><img decoding=\"async\" width=\"20\" height=\"20\" class=\"wp-image-224\" style=\"width: 20px;\" src=\"https:\/\/collmathage.fr\/wp-content\/uploads\/2023\/05\/pdf-1.png\" alt=\"Cliquer sur cette image pour t\u00e9l\u00e9charger au format pdf\"><\/a> <a href=\"https:\/\/collmathage.fr\/wp-content\/uploads\/2023\/05\/ef5_multiplier_des_fractions.docx\" data-type=\"attachment\" data-id=\"803\"><img decoding=\"async\" width=\"20\" height=\"20\" class=\"wp-image-244\" style=\"width: 20px;\" src=\"https:\/\/collmathage.fr\/wp-content\/uploads\/2023\/05\/word.png\" alt=\"Cliquer cette image pour t\u00e9l\u00e9charger le document au format word\"><\/a><\/li>\n\n\n\n<li>EF7 R\u00e9soudre un probl\u00e8me de fractions <a rel=\"noreferrer noopener\" href=\"https:\/\/collmathage.fr\/wp-content\/uploads\/2023\/05\/ef7_resoudre_un_probleme_de_fractions_2.pdf\" data-type=\"attachment\" data-id=\"475\" target=\"_blank\"><img decoding=\"async\" width=\"20\" height=\"20\" class=\"wp-image-224\" style=\"width: 20px;\" src=\"https:\/\/collmathage.fr\/wp-content\/uploads\/2023\/05\/pdf-1.png\" alt=\"Cliquer sur cette image pour t\u00e9l\u00e9charger au format pdf\"><\/a> <a href=\"https:\/\/collmathage.fr\/wp-content\/uploads\/2023\/05\/ef7_resoudre_un_probleme_de_fractions_2.docx\" data-type=\"attachment\" data-id=\"804\"><img decoding=\"async\" width=\"20\" height=\"20\" class=\"wp-image-244\" style=\"width: 20px;\" src=\"https:\/\/collmathage.fr\/wp-content\/uploads\/2023\/05\/word.png\" alt=\"Cliquer cette image pour t\u00e9l\u00e9charger le document au format word\"><\/a><\/li>\n<\/ul>\n\n\n\n<h2 class=\"wp-block-heading\">\u00c9quations et in\u00e9quations<\/h2>\n\n\n\n<ul class=\"wp-block-list\">\n<li>Eq1 R\u00e9soudre une \u00e9quation du premier degr\u00e9 <a rel=\"noreferrer noopener\" href=\"https:\/\/collmathage.fr\/wp-content\/uploads\/2023\/05\/eq1_resoudre_une_equation_du_1er_degre.pdf\" data-type=\"attachment\" data-id=\"476\" target=\"_blank\"><img decoding=\"async\" width=\"20\" height=\"20\" class=\"wp-image-224\" style=\"width: 20px;\" src=\"https:\/\/collmathage.fr\/wp-content\/uploads\/2023\/05\/pdf-1.png\" alt=\"Cliquer sur cette image pour t\u00e9l\u00e9charger au format pdf\"><\/a> <a href=\"https:\/\/collmathage.fr\/wp-content\/uploads\/2023\/05\/eq1_resoudre_une_equation_du_1er_degre.docx\" data-type=\"attachment\" data-id=\"805\"><img decoding=\"async\" width=\"20\" height=\"20\" class=\"wp-image-244\" style=\"width: 20px;\" src=\"https:\/\/collmathage.fr\/wp-content\/uploads\/2023\/05\/word.png\" alt=\"Cliquer cette image pour t\u00e9l\u00e9charger le document au format word\"><\/a><\/li>\n\n\n\n<li>Eq2 Mettre un probl\u00e8me en \u00e9quation <a rel=\"noreferrer noopener\" href=\"https:\/\/collmathage.fr\/wp-content\/uploads\/2023\/05\/eq2_mettre_un_probleme_en_equation.pdf\" data-type=\"attachment\" data-id=\"477\" target=\"_blank\"><img decoding=\"async\" width=\"20\" height=\"20\" class=\"wp-image-224\" style=\"width: 20px;\" src=\"https:\/\/collmathage.fr\/wp-content\/uploads\/2023\/05\/pdf-1.png\" alt=\"Cliquer sur cette image pour t\u00e9l\u00e9charger au format pdf\"><\/a> <a href=\"https:\/\/collmathage.fr\/wp-content\/uploads\/2023\/05\/eq2_mettre_un_probleme_en_equation.docx\" data-type=\"attachment\" data-id=\"806\"><img decoding=\"async\" width=\"20\" height=\"20\" class=\"wp-image-244\" style=\"width: 20px;\" src=\"https:\/\/collmathage.fr\/wp-content\/uploads\/2023\/05\/word.png\" alt=\"Cliquer cette image pour t\u00e9l\u00e9charger le document au format word\"><\/a><\/li>\n<\/ul>\n\n\n\n<h2 class=\"wp-block-heading\">Proportionnalit\u00e9<\/h2>\n\n\n\n<ul class=\"wp-block-list\">\n<li>Pp7 Calculer avec des vitesses <a rel=\"noreferrer noopener\" href=\"https:\/\/collmathage.fr\/wp-content\/uploads\/2023\/05\/pp7_calculer_avec_des_vitesses.pdf\" data-type=\"attachment\" data-id=\"478\" target=\"_blank\"><img decoding=\"async\" width=\"20\" height=\"20\" class=\"wp-image-224\" style=\"width: 20px;\" src=\"https:\/\/collmathage.fr\/wp-content\/uploads\/2023\/05\/pdf-1.png\" alt=\"Cliquer sur cette image pour t\u00e9l\u00e9charger au format pdf\"><\/a> <a href=\"https:\/\/collmathage.fr\/wp-content\/uploads\/2023\/05\/pp7_calculer_avec_des_vitesses.docx\" data-type=\"attachment\" data-id=\"807\"><img decoding=\"async\" width=\"20\" height=\"20\" class=\"wp-image-244\" style=\"width: 20px;\" src=\"https:\/\/collmathage.fr\/wp-content\/uploads\/2023\/05\/word.png\" alt=\"Cliquer cette image pour t\u00e9l\u00e9charger le document au format word\"><\/a><\/li>\n<\/ul>\n\n\n\n<h2 class=\"wp-block-heading\">Statistiques<\/h2>\n\n\n\n<ul class=\"wp-block-list\">\n<li>St5 D\u00e9terminer une m\u00e9diane (dans une liste) <a rel=\"noreferrer noopener\" href=\"https:\/\/collmathage.fr\/wp-content\/uploads\/2023\/05\/st5_determiner_une_mediane_1.pdf\" data-type=\"attachment\" data-id=\"481\" target=\"_blank\"><img decoding=\"async\" width=\"20\" height=\"20\" class=\"wp-image-224\" style=\"width: 20px;\" src=\"https:\/\/collmathage.fr\/wp-content\/uploads\/2023\/05\/pdf-1.png\" alt=\"Cliquer sur cette image pour t\u00e9l\u00e9charger au format pdf\"><\/a> <a href=\"https:\/\/collmathage.fr\/wp-content\/uploads\/2023\/05\/st5_determiner_une_mediane_1.docx\" data-type=\"attachment\" data-id=\"810\"><img decoding=\"async\" width=\"20\" height=\"20\" class=\"wp-image-244\" style=\"width: 20px;\" src=\"https:\/\/collmathage.fr\/wp-content\/uploads\/2023\/05\/word.png\" alt=\"Cliquer cette image pour t\u00e9l\u00e9charger le document au format word\"><\/a><\/li>\n<\/ul>\n\n\n\n<h2 class=\"wp-block-heading\">Th\u00e9or\u00e8me de Pythagore<\/h2>\n\n\n\n<ul class=\"wp-block-list\">\n<li>Py1 Calculer une longueur avec le th\u00e9or\u00e8me de Pythagore <a rel=\"noreferrer noopener\" href=\"https:\/\/collmathage.fr\/wp-content\/uploads\/2023\/05\/Py1-Calculer-une-longueur-avec-le-theoreme-de-Pythagore-1.pdf\" data-type=\"attachment\" data-id=\"479\" target=\"_blank\"><img decoding=\"async\" width=\"20\" height=\"20\" class=\"wp-image-224\" style=\"width: 20px;\" src=\"https:\/\/collmathage.fr\/wp-content\/uploads\/2023\/05\/pdf-1.png\" alt=\"Cliquer sur cette image pour t\u00e9l\u00e9charger au format pdf\"><\/a> <a href=\"https:\/\/collmathage.fr\/wp-content\/uploads\/2023\/05\/Py1-Calculer-une-longueur-avec-le-theoreme-de-Pythagore-1.docx\" data-type=\"attachment\" data-id=\"808\"><img decoding=\"async\" width=\"20\" height=\"20\" class=\"wp-image-244\" style=\"width: 20px;\" src=\"https:\/\/collmathage.fr\/wp-content\/uploads\/2023\/05\/word.png\" alt=\"Cliquer cette image pour t\u00e9l\u00e9charger le document au format word\"><\/a><\/li>\n\n\n\n<li>Py2 D\u00e9montrer si un triangle est rectangle <a href=\"https:\/\/collmathage.fr\/wp-content\/uploads\/2023\/05\/py2_demontrer_si_un_triangle_est_rectangle.pdf\" data-type=\"attachment\" data-id=\"480\" target=\"_blank\" rel=\"noreferrer noopener\"><img decoding=\"async\" width=\"20\" height=\"20\" class=\"wp-image-224\" style=\"width: 20px;\" src=\"https:\/\/collmathage.fr\/wp-content\/uploads\/2023\/05\/pdf-1.png\" alt=\"Cliquer sur cette image pour t\u00e9l\u00e9charger au format pdf\"><\/a> <a href=\"https:\/\/collmathage.fr\/wp-content\/uploads\/2023\/05\/py2_demontrer_si_un_triangle_est_rectangle.docx\" data-type=\"attachment\" data-id=\"809\"><img decoding=\"async\" width=\"20\" height=\"20\" class=\"wp-image-244\" style=\"width: 20px;\" src=\"https:\/\/collmathage.fr\/wp-content\/uploads\/2023\/05\/word.png\" alt=\"Cliquer cette image pour t\u00e9l\u00e9charger le document au format word\"><\/a><\/li>\n<\/ul>\n\n\n\n<div class=\"wp-block-buttons is-content-justification-center is-layout-flex wp-container-core-buttons-is-layout-a89b3969 wp-block-buttons-is-layout-flex\">\n<div class=\"wp-block-button\"><a class=\"wp-block-button__link wp-element-button\" href=\"https:\/\/collmathage.fr\/?p=839\" target=\"_blank\" rel=\"noreferrer noopener\">Acc\u00e8s aux corrections<\/a><\/div>\n<\/div>\n","protected":false},"excerpt":{"rendered":"<p>Cliquez sur pour visualiser le document en pdf dans un nouvel onglet ou sur pour le t\u00e9l\u00e9charger au format Microsoft Word. Calcul litt\u00e9ral \u00c9critures fractionnaires \u00c9quations et in\u00e9quations Proportionnalit\u00e9 Statistiques Th\u00e9or\u00e8me de Pythagore<\/p>\n","protected":false},"author":1,"featured_media":0,"parent":0,"menu_order":0,"comment_status":"closed","ping_status":"closed","template":"","meta":{"footnotes":""},"folder":[],"class_list":["post-47","page","type-page","status-publish","hentry"],"blocksy_meta":[],"_links":{"self":[{"href":"https:\/\/collmathage.fr\/index.php?rest_route=\/wp\/v2\/pages\/47","targetHints":{"allow":["GET"]}}],"collection":[{"href":"https:\/\/collmathage.fr\/index.php?rest_route=\/wp\/v2\/pages"}],"about":[{"href":"https:\/\/collmathage.fr\/index.php?rest_route=\/wp\/v2\/types\/page"}],"author":[{"embeddable":true,"href":"https:\/\/collmathage.fr\/index.php?rest_route=\/wp\/v2\/users\/1"}],"replies":[{"embeddable":true,"href":"https:\/\/collmathage.fr\/index.php?rest_route=%2Fwp%2Fv2%2Fcomments&post=47"}],"version-history":[{"count":8,"href":"https:\/\/collmathage.fr\/index.php?rest_route=\/wp\/v2\/pages\/47\/revisions"}],"predecessor-version":[{"id":2005,"href":"https:\/\/collmathage.fr\/index.php?rest_route=\/wp\/v2\/pages\/47\/revisions\/2005"}],"wp:attachment":[{"href":"https:\/\/collmathage.fr\/index.php?rest_route=%2Fwp%2Fv2%2Fmedia&parent=47"}],"wp:term":[{"taxonomy":"folder","embeddable":true,"href":"https:\/\/collmathage.fr\/index.php?rest_route=%2Fwp%2Fv2%2Ffolder&post=47"}],"curies":[{"name":"wp","href":"https:\/\/api.w.org\/{rel}","templated":true}]}}