{"id":49,"date":"2023-05-18T20:33:53","date_gmt":"2023-05-18T18:33:53","guid":{"rendered":"https:\/\/collmathage.fr\/?page_id=49"},"modified":"2023-05-31T17:52:56","modified_gmt":"2023-05-31T15:52:56","slug":"fiches-de-soutien-3e","status":"publish","type":"page","link":"https:\/\/collmathage.fr\/?page_id=49","title":{"rendered":"Fiches de soutien 3e"},"content":{"rendered":"\n<p>Cliquez sur <img decoding=\"async\" width=\"20\" height=\"20\" class=\"wp-image-224\" style=\"width: 20px;\" src=\"https:\/\/collmathage.fr\/wp-content\/uploads\/2023\/05\/pdf-1.png\" alt=\"Cliquer sur cette image pour t\u00e9l\u00e9charger au format pdf\"> pour visualiser le document en pdf dans un nouvel onglet ou sur <img decoding=\"async\" width=\"20\" height=\"20\" class=\"wp-image-244\" style=\"width: 20px;\" src=\"https:\/\/collmathage.fr\/wp-content\/uploads\/2023\/05\/word.png\" alt=\"Cliquer cette image pour t\u00e9l\u00e9charger le document au format word\"> pour le t\u00e9l\u00e9charger au format Microsoft Word.<\/p>\n\n\n\n<div class=\"wp-block-buttons is-content-justification-center is-layout-flex wp-container-core-buttons-is-layout-a89b3969 wp-block-buttons-is-layout-flex\">\n<div class=\"wp-block-button\"><a class=\"wp-block-button__link wp-element-button\" href=\"https:\/\/collmathage.fr\/?p=839\" target=\"_blank\" rel=\"noreferrer noopener\">Acc\u00e8s aux corrections<\/a><\/div>\n<\/div>\n\n\n\n<h2 class=\"wp-block-heading\">Calcul litt\u00e9ral<\/h2>\n\n\n\n<ul class=\"wp-block-list\">\n<li>CL5 D\u00e9velopper un produit (double distributivit\u00e9) <a href=\"https:\/\/collmathage.fr\/wp-content\/uploads\/2023\/05\/cl5_developper_un_produit.pdf\" data-type=\"attachment\" data-id=\"443\" target=\"_blank\" rel=\"noreferrer noopener\"><img decoding=\"async\" width=\"20\" height=\"20\" class=\"wp-image-224\" style=\"width: 20px;\" src=\"https:\/\/collmathage.fr\/wp-content\/uploads\/2023\/05\/pdf-1.png\" alt=\"Cliquer sur cette image pour t\u00e9l\u00e9charger au format pdf\"><\/a> <a href=\"https:\/\/collmathage.fr\/wp-content\/uploads\/2023\/05\/cl5_developper_un_produit.docx\" data-type=\"attachment\" data-id=\"814\"><img decoding=\"async\" width=\"20\" height=\"20\" class=\"wp-image-244\" style=\"width: 20px;\" src=\"https:\/\/collmathage.fr\/wp-content\/uploads\/2023\/05\/word.png\" alt=\"Cliquer cette image pour t\u00e9l\u00e9charger le document au format word\"><\/a><\/li>\n<\/ul>\n\n\n\n<h2 class=\"wp-block-heading\">\u00c9critures fractionnaires<\/h2>\n\n\n\n<ul class=\"wp-block-list\">\n<li>EF8 Calculer une expression avec des fractions <a rel=\"noreferrer noopener\" href=\"https:\/\/collmathage.fr\/wp-content\/uploads\/2023\/05\/ef8_calculer_des_expressions_avec_des_fractions.pdf\" data-type=\"attachment\" data-id=\"444\" target=\"_blank\"><img decoding=\"async\" width=\"20\" height=\"20\" class=\"wp-image-224\" style=\"width: 20px;\" src=\"https:\/\/collmathage.fr\/wp-content\/uploads\/2023\/05\/pdf-1.png\" alt=\"Cliquer sur cette image pour t\u00e9l\u00e9charger au format pdf\"><\/a> <a href=\"https:\/\/collmathage.fr\/wp-content\/uploads\/2023\/05\/ef8_calculer_une_expression_avec_des_fractions.docx\" data-type=\"attachment\" data-id=\"815\"><img decoding=\"async\" width=\"20\" height=\"20\" class=\"wp-image-244\" style=\"width: 20px;\" src=\"https:\/\/collmathage.fr\/wp-content\/uploads\/2023\/05\/word.png\" alt=\"Cliquer cette image pour t\u00e9l\u00e9charger le document au format word\"><\/a><\/li>\n<\/ul>\n\n\n\n<h2 class=\"wp-block-heading\">\u00c9quations<\/h2>\n\n\n\n<ul class=\"wp-block-list\">\n<li>Eq3 R\u00e9soudre une \u00e9quation-produit <a rel=\"noreferrer noopener\" href=\"https:\/\/collmathage.fr\/wp-content\/uploads\/2023\/05\/eq3_resoudre_une_equation-produit.pdf\" data-type=\"attachment\" data-id=\"445\" target=\"_blank\"><img decoding=\"async\" width=\"20\" height=\"20\" class=\"wp-image-224\" style=\"width: 20px;\" src=\"https:\/\/collmathage.fr\/wp-content\/uploads\/2023\/05\/pdf-1.png\" alt=\"Cliquer sur cette image pour t\u00e9l\u00e9charger au format pdf\"><\/a> <a href=\"https:\/\/collmathage.fr\/wp-content\/uploads\/2023\/05\/eq3_resoudre_une_equation-produit.docx\" data-type=\"attachment\" data-id=\"816\"><img decoding=\"async\" width=\"20\" height=\"20\" class=\"wp-image-244\" style=\"width: 20px;\" src=\"https:\/\/collmathage.fr\/wp-content\/uploads\/2023\/05\/word.png\" alt=\"Cliquer cette image pour t\u00e9l\u00e9charger le document au format word\"><\/a><\/li>\n<\/ul>\n\n\n\n<h2 class=\"wp-block-heading\">Fonctions<\/h2>\n\n\n\n<ul class=\"wp-block-list\">\n<li>Fo1 Utiliser les notations et le vocabulaire des fonctions <a rel=\"noreferrer noopener\" href=\"https:\/\/collmathage.fr\/wp-content\/uploads\/2023\/05\/fo1_utiliser_les_notations_et_le_vocabulaire_des_fonctions.pdf\" data-type=\"attachment\" data-id=\"446\" target=\"_blank\"><img decoding=\"async\" width=\"20\" height=\"20\" class=\"wp-image-224\" style=\"width: 20px;\" src=\"https:\/\/collmathage.fr\/wp-content\/uploads\/2023\/05\/pdf-1.png\" alt=\"Cliquer sur cette image pour t\u00e9l\u00e9charger au format pdf\"><\/a> <a href=\"https:\/\/collmathage.fr\/wp-content\/uploads\/2023\/05\/fo1_utiliser_les_notations_et_le_vocabulaire_des_fonctions.docx\" data-type=\"attachment\" data-id=\"817\"><img decoding=\"async\" width=\"20\" height=\"20\" class=\"wp-image-244\" style=\"width: 20px;\" src=\"https:\/\/collmathage.fr\/wp-content\/uploads\/2023\/05\/word.png\" alt=\"Cliquer cette image pour t\u00e9l\u00e9charger le document au format word\"><\/a><\/li>\n\n\n\n<li>Fo1 Utiliser les notations et le vocabulaire des fonctions affines <a rel=\"noreferrer noopener\" href=\"https:\/\/collmathage.fr\/wp-content\/uploads\/2023\/05\/fo1_utiliser_les_notations_et_le_vocabulaire_des_fonctions_affines.pdf\" data-type=\"attachment\" data-id=\"447\" target=\"_blank\"><img decoding=\"async\" width=\"20\" height=\"20\" class=\"wp-image-224\" style=\"width: 20px;\" src=\"https:\/\/collmathage.fr\/wp-content\/uploads\/2023\/05\/pdf-1.png\" alt=\"Cliquer sur cette image pour t\u00e9l\u00e9charger au format pdf\"><\/a> <a href=\"https:\/\/collmathage.fr\/wp-content\/uploads\/2023\/05\/fo1_utiliser_les_notations_et_le_vocabulaire_des_fonctions_affines.docx\" data-type=\"attachment\" data-id=\"835\"><img decoding=\"async\" width=\"20\" height=\"20\" class=\"wp-image-244\" style=\"width: 20px;\" src=\"https:\/\/collmathage.fr\/wp-content\/uploads\/2023\/05\/word.png\" alt=\"Cliquer cette image pour t\u00e9l\u00e9charger le document au format word\"><\/a><\/li>\n\n\n\n<li>Fo2 D\u00e9terminer l&rsquo;image d&rsquo;un nombre par des calculs <a rel=\"noreferrer noopener\" href=\"https:\/\/collmathage.fr\/wp-content\/uploads\/2023\/05\/fo2_determiner_limage_dun_nombre_par_des_calculs.pdf\" data-type=\"attachment\" data-id=\"448\" target=\"_blank\"><img decoding=\"async\" width=\"20\" height=\"20\" class=\"wp-image-224\" style=\"width: 20px;\" src=\"https:\/\/collmathage.fr\/wp-content\/uploads\/2023\/05\/pdf-1.png\" alt=\"Cliquer sur cette image pour t\u00e9l\u00e9charger au format pdf\"><\/a> <a href=\"https:\/\/collmathage.fr\/wp-content\/uploads\/2023\/05\/fo2_determiner_limage_dun_nombre_par_des_calculs.docx\" data-type=\"attachment\" data-id=\"818\"><img decoding=\"async\" width=\"20\" height=\"20\" class=\"wp-image-244\" style=\"width: 20px;\" src=\"https:\/\/collmathage.fr\/wp-content\/uploads\/2023\/05\/word.png\" alt=\"Cliquer cette image pour t\u00e9l\u00e9charger le document au format word\"><\/a><\/li>\n\n\n\n<li>Fo3 Lire la repr\u00e9sentation graphique d&rsquo;une fonction <a rel=\"noreferrer noopener\" href=\"https:\/\/collmathage.fr\/wp-content\/uploads\/2023\/05\/fo3_lire_la_representation_graphique_dune_fonction.pdf\" data-type=\"attachment\" data-id=\"450\" target=\"_blank\"><img decoding=\"async\" width=\"20\" height=\"20\" class=\"wp-image-224\" style=\"width: 20px;\" src=\"https:\/\/collmathage.fr\/wp-content\/uploads\/2023\/05\/pdf-1.png\" alt=\"Cliquer sur cette image pour t\u00e9l\u00e9charger au format pdf\"><\/a> <a href=\"https:\/\/collmathage.fr\/wp-content\/uploads\/2023\/05\/fo3_lire_la_representation_graphique_dune_fonction.docx\" data-type=\"attachment\" data-id=\"819\"><img decoding=\"async\" width=\"20\" height=\"20\" class=\"wp-image-244\" style=\"width: 20px;\" src=\"https:\/\/collmathage.fr\/wp-content\/uploads\/2023\/05\/word.png\" alt=\"Cliquer cette image pour t\u00e9l\u00e9charger le document au format word\"><\/a><\/li>\n\n\n\n<li>Fo3 Lire la repr\u00e9sentation graphique d&rsquo;une fonction affine <a rel=\"noreferrer noopener\" href=\"https:\/\/collmathage.fr\/wp-content\/uploads\/2023\/05\/fo3_lire_la_representation_dune_fonction_affine.pdf\" data-type=\"attachment\" data-id=\"449\" target=\"_blank\"><img decoding=\"async\" width=\"20\" height=\"20\" class=\"wp-image-224\" style=\"width: 20px;\" src=\"https:\/\/collmathage.fr\/wp-content\/uploads\/2023\/05\/pdf-1.png\" alt=\"Cliquer sur cette image pour t\u00e9l\u00e9charger au format pdf\"><\/a> <a href=\"https:\/\/collmathage.fr\/wp-content\/uploads\/2023\/05\/fo3_lire_la_representation_graphique_dune_fonction_affine.docx\" data-type=\"attachment\" data-id=\"820\"><img decoding=\"async\" width=\"20\" height=\"20\" class=\"wp-image-244\" style=\"width: 20px;\" src=\"https:\/\/collmathage.fr\/wp-content\/uploads\/2023\/05\/word.png\" alt=\"Cliquer cette image pour t\u00e9l\u00e9charger le document au format word\"><\/a><\/li>\n\n\n\n<li>Fo4 Lire images ou ant\u00e9c\u00e9dents dans un tableau <a rel=\"noreferrer noopener\" href=\"https:\/\/collmathage.fr\/wp-content\/uploads\/2023\/05\/fo4_lire_images_ou_antecedents_dans_un_tableau.pdf\" data-type=\"attachment\" data-id=\"451\" target=\"_blank\"><img decoding=\"async\" width=\"20\" height=\"20\" class=\"wp-image-224\" style=\"width: 20px;\" src=\"https:\/\/collmathage.fr\/wp-content\/uploads\/2023\/05\/pdf-1.png\" alt=\"Cliquer sur cette image pour t\u00e9l\u00e9charger au format pdf\"><\/a> <a href=\"https:\/\/collmathage.fr\/wp-content\/uploads\/2023\/05\/fo4_lire_images_ou_antecedents_dans_un_tableau.docx\" data-type=\"attachment\" data-id=\"821\"><img decoding=\"async\" width=\"20\" height=\"20\" class=\"wp-image-244\" style=\"width: 20px;\" src=\"https:\/\/collmathage.fr\/wp-content\/uploads\/2023\/05\/word.png\" alt=\"Cliquer cette image pour t\u00e9l\u00e9charger le document au format word\"><\/a><\/li>\n\n\n\n<li>Fo5 Calculer un ant\u00e9c\u00e9dent par une fonction affine <a rel=\"noreferrer noopener\" href=\"https:\/\/collmathage.fr\/wp-content\/uploads\/2023\/05\/fo5_calculer_images_et_antecedents_par_une_fonction_affine.pdf\" data-type=\"attachment\" data-id=\"452\" target=\"_blank\"><img decoding=\"async\" width=\"20\" height=\"20\" class=\"wp-image-224\" style=\"width: 20px;\" src=\"https:\/\/collmathage.fr\/wp-content\/uploads\/2023\/05\/pdf-1.png\" alt=\"Cliquer sur cette image pour t\u00e9l\u00e9charger au format pdf\"><\/a> <a href=\"https:\/\/collmathage.fr\/wp-content\/uploads\/2023\/05\/fo5_calculer_images_et_antecedents_par_une_fonction_affine.docx\" data-type=\"attachment\" data-id=\"822\"><img decoding=\"async\" width=\"20\" height=\"20\" class=\"wp-image-244\" style=\"width: 20px;\" src=\"https:\/\/collmathage.fr\/wp-content\/uploads\/2023\/05\/word.png\" alt=\"Cliquer cette image pour t\u00e9l\u00e9charger le document au format word\"><\/a><\/li>\n\n\n\n<li>Fo6 Repr\u00e9senter graphiquement une fonction affine <a rel=\"noreferrer noopener\" href=\"https:\/\/collmathage.fr\/wp-content\/uploads\/2023\/05\/fo6_representer_graphiquement_une_fonction_affine.pdf\" data-type=\"attachment\" data-id=\"453\" target=\"_blank\"><img decoding=\"async\" width=\"20\" height=\"20\" class=\"wp-image-224\" style=\"width: 20px;\" src=\"https:\/\/collmathage.fr\/wp-content\/uploads\/2023\/05\/pdf-1.png\" alt=\"Cliquer sur cette image pour t\u00e9l\u00e9charger au format pdf\"><\/a> <a href=\"https:\/\/collmathage.fr\/wp-content\/uploads\/2023\/05\/fo6_representer_graphiquement_une_fonction_affine.docx\" data-type=\"attachment\" data-id=\"823\"><img decoding=\"async\" width=\"20\" height=\"20\" class=\"wp-image-244\" style=\"width: 20px;\" src=\"https:\/\/collmathage.fr\/wp-content\/uploads\/2023\/05\/word.png\" alt=\"Cliquer cette image pour t\u00e9l\u00e9charger le document au format word\"><\/a><\/li>\n<\/ul>\n\n\n\n<h2 class=\"wp-block-heading\">Proportionnalit\u00e9<\/h2>\n\n\n\n<ul class=\"wp-block-list\">\n<li>Pp9 Appliquer un pourcentage d&rsquo;augmentation ou de r\u00e9duction <a rel=\"noreferrer noopener\" href=\"https:\/\/collmathage.fr\/wp-content\/uploads\/2023\/05\/pp9_appliquer_un_pourcentage_daugmentation_ou_de_reduction.pdf\" data-type=\"attachment\" data-id=\"454\" target=\"_blank\"><img decoding=\"async\" width=\"20\" height=\"20\" class=\"wp-image-224\" style=\"width: 20px;\" src=\"https:\/\/collmathage.fr\/wp-content\/uploads\/2023\/05\/pdf-1.png\" alt=\"Cliquer sur cette image pour t\u00e9l\u00e9charger au format pdf\"><\/a> <a href=\"https:\/\/collmathage.fr\/wp-content\/uploads\/2023\/05\/pp9_appliquer_un_pourcentage_daugmentation_ou_de_reduction.docx\" data-type=\"attachment\" data-id=\"824\"><img decoding=\"async\" width=\"20\" height=\"20\" class=\"wp-image-244\" style=\"width: 20px;\" src=\"https:\/\/collmathage.fr\/wp-content\/uploads\/2023\/05\/word.png\" alt=\"Cliquer cette image pour t\u00e9l\u00e9charger le document au format word\"><\/a><\/li>\n<\/ul>\n\n\n\n<h2 class=\"wp-block-heading\">Solides<\/h2>\n\n\n\n<ul class=\"wp-block-list\">\n<li>So12 Calculer le volume d&rsquo;une boule <a rel=\"noreferrer noopener\" href=\"https:\/\/collmathage.fr\/wp-content\/uploads\/2023\/05\/so12_calculer_le_volume_dune_boule.pdf\" data-type=\"attachment\" data-id=\"455\" target=\"_blank\"><img decoding=\"async\" width=\"20\" height=\"20\" class=\"wp-image-224\" style=\"width: 20px;\" src=\"https:\/\/collmathage.fr\/wp-content\/uploads\/2023\/05\/pdf-1.png\" alt=\"Cliquer sur cette image pour t\u00e9l\u00e9charger au format pdf\"><\/a> <a href=\"https:\/\/collmathage.fr\/wp-content\/uploads\/2023\/05\/so12_calculer_le_volume_dune_boule.docx\" data-type=\"attachment\" data-id=\"825\"><img decoding=\"async\" width=\"20\" height=\"20\" class=\"wp-image-244\" style=\"width: 20px;\" src=\"https:\/\/collmathage.fr\/wp-content\/uploads\/2023\/05\/word.png\" alt=\"Cliquer cette image pour t\u00e9l\u00e9charger le document au format word\"><\/a><\/li>\n\n\n\n<li>So15 Conna\u00eetre les r\u00e9ductions et les agrandissements <a rel=\"noreferrer noopener\" href=\"https:\/\/collmathage.fr\/wp-content\/uploads\/2023\/05\/so15_connaitre_les_reductions_et_les_agrandissements.pdf\" data-type=\"attachment\" data-id=\"456\" target=\"_blank\"><img decoding=\"async\" width=\"20\" height=\"20\" class=\"wp-image-224\" style=\"width: 20px;\" src=\"https:\/\/collmathage.fr\/wp-content\/uploads\/2023\/05\/pdf-1.png\" alt=\"Cliquer sur cette image pour t\u00e9l\u00e9charger au format pdf\"><\/a> <a href=\"https:\/\/collmathage.fr\/wp-content\/uploads\/2023\/05\/so15_connaitre_les_reductions_et_les_agrandissements.docx\" data-type=\"attachment\" data-id=\"826\"><img decoding=\"async\" width=\"20\" height=\"20\" class=\"wp-image-244\" style=\"width: 20px;\" src=\"https:\/\/collmathage.fr\/wp-content\/uploads\/2023\/05\/word.png\" alt=\"Cliquer cette image pour t\u00e9l\u00e9charger le document au format word\"><\/a><\/li>\n\n\n\n<li>So17 Calculer des volumes complexes <a rel=\"noreferrer noopener\" href=\"https:\/\/collmathage.fr\/wp-content\/uploads\/2023\/05\/so17_calculer_des_volumes_complexes.pdf\" data-type=\"attachment\" data-id=\"457\" target=\"_blank\"><img decoding=\"async\" width=\"20\" height=\"20\" class=\"wp-image-224\" style=\"width: 20px;\" src=\"https:\/\/collmathage.fr\/wp-content\/uploads\/2023\/05\/pdf-1.png\" alt=\"Cliquer sur cette image pour t\u00e9l\u00e9charger au format pdf\"><\/a> <a href=\"https:\/\/collmathage.fr\/wp-content\/uploads\/2023\/05\/so17_calculer_des_volumes_complexes.docx\" data-type=\"attachment\" data-id=\"827\"><img decoding=\"async\" width=\"20\" height=\"20\" class=\"wp-image-244\" style=\"width: 20px;\" src=\"https:\/\/collmathage.fr\/wp-content\/uploads\/2023\/05\/word.png\" alt=\"Cliquer cette image pour t\u00e9l\u00e9charger le document au format word\"><\/a><\/li>\n<\/ul>\n\n\n\n<h2 class=\"wp-block-heading\">Statistiques<\/h2>\n\n\n\n<ul class=\"wp-block-list\">\n<li>St5 D\u00e9terminer une m\u00e9diane (dans un tableau d&rsquo;effectifs) <a rel=\"noreferrer noopener\" href=\"https:\/\/collmathage.fr\/wp-content\/uploads\/2023\/05\/st5_determiner_une_mediane_2.pdf\" data-type=\"attachment\" data-id=\"463\" target=\"_blank\"><img decoding=\"async\" width=\"20\" height=\"20\" class=\"wp-image-224\" style=\"width: 20px;\" src=\"https:\/\/collmathage.fr\/wp-content\/uploads\/2023\/05\/pdf-1.png\" alt=\"Cliquer sur cette image pour t\u00e9l\u00e9charger au format pdf\"><\/a> <a href=\"https:\/\/collmathage.fr\/wp-content\/uploads\/2023\/05\/st5_determiner_une_mediane_2.docx\" data-type=\"attachment\" data-id=\"828\"><img decoding=\"async\" width=\"20\" height=\"20\" class=\"wp-image-244\" style=\"width: 20px;\" src=\"https:\/\/collmathage.fr\/wp-content\/uploads\/2023\/05\/word.png\" alt=\"Cliquer cette image pour t\u00e9l\u00e9charger le document au format word\"><\/a><\/li>\n<\/ul>\n\n\n\n<h2 class=\"wp-block-heading\">Th\u00e9or\u00e8me de Thal\u00e8s<\/h2>\n\n\n\n<ul class=\"wp-block-list\">\n<li>Th1 Calculer une longueur avec le th\u00e9or\u00e8me de Thal\u00e8s <a rel=\"noreferrer noopener\" href=\"https:\/\/collmathage.fr\/wp-content\/uploads\/2023\/05\/th1_calculer_une_longueur_avec_le_theoreme_de_thales.pdf\" data-type=\"attachment\" data-id=\"441\" target=\"_blank\"><img decoding=\"async\" width=\"20\" height=\"20\" class=\"wp-image-224\" style=\"width: 20px;\" src=\"https:\/\/collmathage.fr\/wp-content\/uploads\/2023\/05\/pdf-1.png\" alt=\"Cliquer sur cette image pour t\u00e9l\u00e9charger au format pdf\"><\/a> <a href=\"https:\/\/collmathage.fr\/wp-content\/uploads\/2023\/05\/th1_calculer_une_longueur_avec_le_theoreme_de_thales.docx\" data-type=\"attachment\" data-id=\"832\"><img decoding=\"async\" width=\"20\" height=\"20\" class=\"wp-image-244\" style=\"width: 20px;\" src=\"https:\/\/collmathage.fr\/wp-content\/uploads\/2023\/05\/word.png\" alt=\"Cliquer cette image pour t\u00e9l\u00e9charger le document au format word\"><\/a><\/li>\n\n\n\n<li>Th2 D\u00e9montrer si des droites sont parall\u00e8les <a rel=\"noreferrer noopener\" href=\"https:\/\/collmathage.fr\/wp-content\/uploads\/2023\/05\/th2_demontrer_si_des_droites_sont_paralleles.pdf\" data-type=\"attachment\" data-id=\"442\" target=\"_blank\"><img decoding=\"async\" width=\"20\" height=\"20\" class=\"wp-image-224\" style=\"width: 20px;\" src=\"https:\/\/collmathage.fr\/wp-content\/uploads\/2023\/05\/pdf-1.png\" alt=\"Cliquer sur cette image pour t\u00e9l\u00e9charger au format pdf\"><\/a> <a href=\"https:\/\/collmathage.fr\/wp-content\/uploads\/2023\/05\/th2_demontrer_si_des_droites_sont_paralleles.docx\" data-type=\"attachment\" data-id=\"833\"><img decoding=\"async\" width=\"20\" height=\"20\" class=\"wp-image-244\" style=\"width: 20px;\" src=\"https:\/\/collmathage.fr\/wp-content\/uploads\/2023\/05\/word.png\" alt=\"Cliquer cette image pour t\u00e9l\u00e9charger le document au format word\"><\/a><\/li>\n<\/ul>\n\n\n\n<h2 class=\"wp-block-heading\">Trigonom\u00e9trie<\/h2>\n\n\n\n<ul class=\"wp-block-list\">\n<li>Tg1 Conna\u00eetre les fonctions trigonom\u00e9triques <a rel=\"noreferrer noopener\" href=\"https:\/\/collmathage.fr\/wp-content\/uploads\/2023\/05\/tg1_connaitre_les_fonctions_trigonometriques.pdf\" data-type=\"attachment\" data-id=\"458\" target=\"_blank\"><img decoding=\"async\" width=\"20\" height=\"20\" class=\"wp-image-224\" style=\"width: 20px;\" src=\"https:\/\/collmathage.fr\/wp-content\/uploads\/2023\/05\/pdf-1.png\" alt=\"Cliquer sur cette image pour t\u00e9l\u00e9charger au format pdf\"><\/a> <a href=\"https:\/\/collmathage.fr\/wp-content\/uploads\/2023\/05\/tg1_connaitre_les_fonctions_trigonometriques.docx\" data-type=\"attachment\" data-id=\"829\"><img decoding=\"async\" width=\"20\" height=\"20\" class=\"wp-image-244\" style=\"width: 20px;\" src=\"https:\/\/collmathage.fr\/wp-content\/uploads\/2023\/05\/word.png\" alt=\"Cliquer cette image pour t\u00e9l\u00e9charger le document au format word\"><\/a><\/li>\n\n\n\n<li>Tg2 Calculer une longueur avec la trigonom\u00e9trie <a rel=\"noreferrer noopener\" href=\"https:\/\/collmathage.fr\/wp-content\/uploads\/2023\/05\/tg2_calculer_une_longueur_avec_la_trigonometrie.pdf\" data-type=\"attachment\" data-id=\"439\" target=\"_blank\"><img decoding=\"async\" width=\"20\" height=\"20\" class=\"wp-image-224\" style=\"width: 20px;\" src=\"https:\/\/collmathage.fr\/wp-content\/uploads\/2023\/05\/pdf-1.png\" alt=\"Cliquer sur cette image pour t\u00e9l\u00e9charger au format pdf\"><\/a> <a href=\"https:\/\/collmathage.fr\/wp-content\/uploads\/2023\/05\/tg2_calculer_une_longueur_avec_la_trigonometrie.docx\" data-type=\"attachment\" data-id=\"830\"><img decoding=\"async\" width=\"20\" height=\"20\" class=\"wp-image-244\" style=\"width: 20px;\" src=\"https:\/\/collmathage.fr\/wp-content\/uploads\/2023\/05\/word.png\" alt=\"Cliquer cette image pour t\u00e9l\u00e9charger le document au format word\"><\/a><\/li>\n\n\n\n<li>Tg3 Calculer un angle avec la trigonom\u00e9trie <a rel=\"noreferrer noopener\" href=\"https:\/\/collmathage.fr\/wp-content\/uploads\/2023\/05\/tg3_calculer_un_angle_avec_la_trigonometrie.pdf\" data-type=\"attachment\" data-id=\"440\" target=\"_blank\"><img decoding=\"async\" width=\"20\" height=\"20\" class=\"wp-image-224\" style=\"width: 20px;\" src=\"https:\/\/collmathage.fr\/wp-content\/uploads\/2023\/05\/pdf-1.png\" alt=\"Cliquer sur cette image pour t\u00e9l\u00e9charger au format pdf\"><\/a> <a href=\"https:\/\/collmathage.fr\/wp-content\/uploads\/2023\/05\/tg3_calculer_un_angle_avec_la_trigonometrie.docx\" data-type=\"attachment\" data-id=\"831\"><img decoding=\"async\" width=\"20\" height=\"20\" class=\"wp-image-244\" style=\"width: 20px;\" src=\"https:\/\/collmathage.fr\/wp-content\/uploads\/2023\/05\/word.png\" alt=\"Cliquer cette image pour t\u00e9l\u00e9charger le document au format word\"><\/a><\/li>\n<\/ul>\n\n\n\n<div class=\"wp-block-buttons is-content-justification-center is-layout-flex wp-container-core-buttons-is-layout-a89b3969 wp-block-buttons-is-layout-flex\">\n<div class=\"wp-block-button\"><a class=\"wp-block-button__link wp-element-button\" href=\"https:\/\/collmathage.fr\/?p=839\" target=\"_blank\" rel=\"noreferrer noopener\">Acc\u00e8s aux corrections<\/a><\/div>\n<\/div>\n","protected":false},"excerpt":{"rendered":"<p>Cliquez sur pour visualiser le document en pdf dans un nouvel onglet ou sur pour le t\u00e9l\u00e9charger au format Microsoft Word. Calcul litt\u00e9ral \u00c9critures fractionnaires \u00c9quations Fonctions Proportionnalit\u00e9 Solides Statistiques Th\u00e9or\u00e8me de Thal\u00e8s Trigonom\u00e9trie<\/p>\n","protected":false},"author":1,"featured_media":0,"parent":0,"menu_order":0,"comment_status":"closed","ping_status":"closed","template":"","meta":{"footnotes":""},"folder":[],"class_list":["post-49","page","type-page","status-publish","hentry"],"blocksy_meta":[],"_links":{"self":[{"href":"https:\/\/collmathage.fr\/index.php?rest_route=\/wp\/v2\/pages\/49","targetHints":{"allow":["GET"]}}],"collection":[{"href":"https:\/\/collmathage.fr\/index.php?rest_route=\/wp\/v2\/pages"}],"about":[{"href":"https:\/\/collmathage.fr\/index.php?rest_route=\/wp\/v2\/types\/page"}],"author":[{"embeddable":true,"href":"https:\/\/collmathage.fr\/index.php?rest_route=\/wp\/v2\/users\/1"}],"replies":[{"embeddable":true,"href":"https:\/\/collmathage.fr\/index.php?rest_route=%2Fwp%2Fv2%2Fcomments&post=49"}],"version-history":[{"count":10,"href":"https:\/\/collmathage.fr\/index.php?rest_route=\/wp\/v2\/pages\/49\/revisions"}],"predecessor-version":[{"id":845,"href":"https:\/\/collmathage.fr\/index.php?rest_route=\/wp\/v2\/pages\/49\/revisions\/845"}],"wp:attachment":[{"href":"https:\/\/collmathage.fr\/index.php?rest_route=%2Fwp%2Fv2%2Fmedia&parent=49"}],"wp:term":[{"taxonomy":"folder","embeddable":true,"href":"https:\/\/collmathage.fr\/index.php?rest_route=%2Fwp%2Fv2%2Ffolder&post=49"}],"curies":[{"name":"wp","href":"https:\/\/api.w.org\/{rel}","templated":true}]}}