{"id":51,"date":"2023-05-18T20:34:14","date_gmt":"2023-05-18T18:34:14","guid":{"rendered":"https:\/\/collmathage.fr\/?page_id=51"},"modified":"2026-04-14T08:30:15","modified_gmt":"2026-04-14T06:30:15","slug":"feuilles-dexercices-6e","status":"publish","type":"page","link":"https:\/\/collmathage.fr\/?page_id=51","title":{"rendered":"Feuilles d&rsquo;exercices 6e"},"content":{"rendered":"\n<p>Cliquez sur <img decoding=\"async\" width=\"20\" height=\"20\" class=\"wp-image-224\" style=\"width: 20px;\" src=\"https:\/\/collmathage.fr\/wp-content\/uploads\/2023\/05\/pdf-1.png\" alt=\"\"> pour visualiser le document en pdf dans un nouvel onglet ou sur <img decoding=\"async\" width=\"20\" height=\"20\" class=\"wp-image-244\" style=\"width: 20px;\" src=\"https:\/\/collmathage.fr\/wp-content\/uploads\/2023\/05\/word.png\" alt=\"Cliquer cette image pour t\u00e9l\u00e9charger le document au format word\"> pour le t\u00e9l\u00e9charger au format Microsoft Word.<br>J&rsquo;avais film\u00e9 quelques capsules vid\u00e9o sans pr\u00e9tention pour envoyer des corrections pendant le confinement, je vous en livre une, signal\u00e9e par <img decoding=\"async\" width=\"20\" height=\"20\" class=\"wp-image-273\" style=\"width: 20px;\" src=\"https:\/\/collmathage.fr\/wp-content\/uploads\/2023\/05\/video.png\" alt=\"\">. Si vous en voulez d&rsquo;autres, demandez en commentaires.<\/p>\n\n\n\n<h2 class=\"wp-block-heading\">Chapitre 1 : la num\u00e9ration<\/h2>\n\n\n\n<ul class=\"wp-block-list\">\n<li>X611 La num\u00e9ration d\u00e9cimale <a href=\"https:\/\/collmathage.fr\/wp-content\/uploads\/2023\/05\/x_6-1-1_la_numeration_decimale.pdf\" data-type=\"attachment\" data-id=\"141\" target=\"_blank\" rel=\"noreferrer noopener\"><img decoding=\"async\" width=\"20\" height=\"20\" class=\"wp-image-224\" style=\"width: 20px;\" src=\"https:\/\/collmathage.fr\/wp-content\/uploads\/2023\/05\/pdf-1.png\" alt=\"\"><\/a> <a href=\"https:\/\/collmathage.fr\/wp-content\/uploads\/2023\/05\/x_6-1-1_la_numeration_decimale.docx\" data-type=\"attachment\" data-id=\"678\"><img decoding=\"async\" width=\"20\" height=\"20\" class=\"wp-image-244\" style=\"width: 20px;\" src=\"https:\/\/collmathage.fr\/wp-content\/uploads\/2023\/05\/word.png\" alt=\"Cliquer cette image pour t\u00e9l\u00e9charger le document au format word\"><\/a><\/li>\n\n\n\n<li>X612 Les diff\u00e9rentes \u00e9critures d&rsquo;un nombre <a href=\"https:\/\/collmathage.fr\/wp-content\/uploads\/2025\/09\/X-6-1-2-Les-differentes-ecritures-dun-nombre.pdf\" data-type=\"attachment\" data-id=\"2353\" target=\"_blank\" rel=\"noreferrer noopener\"><img decoding=\"async\" width=\"20\" height=\"20\" class=\"wp-image-224\" style=\"width: 20px;\" src=\"https:\/\/collmathage.fr\/wp-content\/uploads\/2023\/05\/pdf-1.png\" alt=\"\"><\/a> <a href=\"https:\/\/collmathage.fr\/wp-content\/uploads\/2025\/09\/X-6-1-2-Les-differentes-ecritures-dun-nombre.docx\" data-type=\"attachment\" data-id=\"2352\"><img decoding=\"async\" width=\"20\" height=\"20\" class=\"wp-image-244\" style=\"width: 20px;\" src=\"https:\/\/collmathage.fr\/wp-content\/uploads\/2023\/05\/word.png\" alt=\"Cliquer cette image pour t\u00e9l\u00e9charger le document au format word\"><\/a><\/li>\n\n\n\n<li>X613 Calcul mental <a href=\"https:\/\/collmathage.fr\/wp-content\/uploads\/2025\/09\/X-6-1-3-Calcul-mental-1.pdf\" data-type=\"attachment\" data-id=\"2355\" target=\"_blank\" rel=\"noreferrer noopener\"><img decoding=\"async\" width=\"20\" height=\"20\" class=\"wp-image-224\" style=\"width: 20px;\" src=\"https:\/\/collmathage.fr\/wp-content\/uploads\/2023\/05\/pdf-1.png\" alt=\"\"><\/a> <a href=\"https:\/\/collmathage.fr\/wp-content\/uploads\/2025\/09\/X-6-1-3-Calcul-mental-1.docx\" data-type=\"attachment\" data-id=\"2354\"><img decoding=\"async\" width=\"20\" height=\"20\" class=\"wp-image-244\" style=\"width: 20px;\" src=\"https:\/\/collmathage.fr\/wp-content\/uploads\/2023\/05\/word.png\" alt=\"Cliquer cette image pour t\u00e9l\u00e9charger le document au format word\"><\/a><\/li>\n<\/ul>\n\n\n\n<h2 class=\"wp-block-heading\">Chapitre 2 : distances et longueurs<\/h2>\n\n\n\n<ul class=\"wp-block-list\">\n<li>X621 Distances et milieux <a href=\"https:\/\/collmathage.fr\/wp-content\/uploads\/2025\/09\/X-6-2-1-Distances-et-milieux-1.pdf\" data-type=\"attachment\" data-id=\"2401\" target=\"_blank\" rel=\"noreferrer noopener\"><img decoding=\"async\" width=\"20\" height=\"20\" class=\"wp-image-224\" style=\"width: 20px;\" src=\"https:\/\/collmathage.fr\/wp-content\/uploads\/2023\/05\/pdf-1.png\" alt=\"\"><\/a> <a href=\"https:\/\/collmathage.fr\/wp-content\/uploads\/2025\/09\/X-6-2-1-Distances-et-milieux-1.docx\" data-type=\"attachment\" data-id=\"2400\"><img decoding=\"async\" width=\"20\" height=\"20\" class=\"wp-image-244\" style=\"width: 20px;\" src=\"https:\/\/collmathage.fr\/wp-content\/uploads\/2023\/05\/word.png\" alt=\"Cliquer cette image pour t\u00e9l\u00e9charger le document au format word\"><\/a><\/li>\n\n\n\n<li>X622 La m\u00e9diatrice d&rsquo;un segment <a href=\"https:\/\/collmathage.fr\/wp-content\/uploads\/2025\/09\/X-6-2-2-La-mediatrice-dun-segment.pdf\" data-type=\"attachment\" data-id=\"2403\" target=\"_blank\" rel=\"noreferrer noopener\"><img decoding=\"async\" width=\"20\" height=\"20\" class=\"wp-image-224\" style=\"width: 20px;\" src=\"https:\/\/collmathage.fr\/wp-content\/uploads\/2023\/05\/pdf-1.png\" alt=\"\"><\/a> <a href=\"https:\/\/collmathage.fr\/wp-content\/uploads\/2025\/09\/X-6-2-2-La-mediatrice-dun-segment.docx\" data-type=\"attachment\" data-id=\"2402\"><img decoding=\"async\" width=\"20\" height=\"20\" class=\"wp-image-244\" style=\"width: 20px;\" src=\"https:\/\/collmathage.fr\/wp-content\/uploads\/2023\/05\/word.png\" alt=\"Cliquer cette image pour t\u00e9l\u00e9charger le document au format word\"><\/a><\/li>\n\n\n\n<li>X623 Cercles et disques <a href=\"https:\/\/collmathage.fr\/wp-content\/uploads\/2025\/09\/X-6-2-3-Cercles-et-disques-1.pdf\" data-type=\"attachment\" data-id=\"2399\" target=\"_blank\" rel=\"noreferrer noopener\"><img decoding=\"async\" width=\"20\" height=\"20\" class=\"wp-image-224\" style=\"width: 20px;\" src=\"https:\/\/collmathage.fr\/wp-content\/uploads\/2023\/05\/pdf-1.png\" alt=\"\"><\/a> <a href=\"https:\/\/collmathage.fr\/wp-content\/uploads\/2025\/09\/X-6-2-3-Cercles-et-disques-1.pdf\" data-type=\"attachment\" data-id=\"2399\"><img decoding=\"async\" width=\"20\" height=\"20\" class=\"wp-image-244\" style=\"width: 20px;\" src=\"https:\/\/collmathage.fr\/wp-content\/uploads\/2023\/05\/word.png\" alt=\"Cliquer cette image pour t\u00e9l\u00e9charger le document au format word\"><\/a><\/li>\n<\/ul>\n\n\n\n<h2 class=\"wp-block-heading\">Chapitre 3 : comparaison et rep\u00e9rage<\/h2>\n\n\n\n<ul class=\"wp-block-list\">\n<li>X631 Comparaison et rangement <a href=\"https:\/\/collmathage.fr\/wp-content\/uploads\/2023\/05\/X-6-3-1-Comparaison-et-rangement.pdf\" data-type=\"attachment\" data-id=\"147\" target=\"_blank\" rel=\"noreferrer noopener\"><img decoding=\"async\" width=\"20\" height=\"20\" class=\"wp-image-224\" style=\"width: 20px;\" src=\"https:\/\/collmathage.fr\/wp-content\/uploads\/2023\/05\/pdf-1.png\" alt=\"\"><\/a> <a href=\"https:\/\/collmathage.fr\/wp-content\/uploads\/2023\/05\/X-6-3-1-Comparaison-et-rangement.docx\" data-type=\"attachment\" data-id=\"690\"><img decoding=\"async\" width=\"20\" height=\"20\" class=\"wp-image-244\" style=\"width: 20px;\" src=\"https:\/\/collmathage.fr\/wp-content\/uploads\/2023\/05\/word.png\" alt=\"Cliquer cette image pour t\u00e9l\u00e9charger le document au format word\"><\/a><\/li>\n\n\n\n<li>X632 Droites gradu\u00e9es et arrondis <a href=\"https:\/\/collmathage.fr\/wp-content\/uploads\/2023\/05\/X-6-3-2-Droites-graduees-et-arrondis-1.pdf\" data-type=\"attachment\" data-id=\"148\" target=\"_blank\" rel=\"noreferrer noopener\"><img decoding=\"async\" width=\"20\" height=\"20\" class=\"wp-image-224\" style=\"width: 20px;\" src=\"https:\/\/collmathage.fr\/wp-content\/uploads\/2023\/05\/pdf-1.png\" alt=\"\"><\/a> <a href=\"https:\/\/collmathage.fr\/wp-content\/uploads\/2023\/05\/X-6-3-2-Droites-graduees-et-arrondis-1.docx\" data-type=\"attachment\" data-id=\"691\"><img decoding=\"async\" width=\"20\" height=\"20\" class=\"wp-image-244\" style=\"width: 20px;\" src=\"https:\/\/collmathage.fr\/wp-content\/uploads\/2023\/05\/word.png\" alt=\"Cliquer cette image pour t\u00e9l\u00e9charger le document au format word\"><\/a><\/li>\n<\/ul>\n\n\n\n<h2 class=\"wp-block-heading\">Chapitre 4 : les angles<\/h2>\n\n\n\n<ul class=\"wp-block-list\">\n<li>X641 Vocabulaire des angles <a href=\"https:\/\/collmathage.fr\/wp-content\/uploads\/2023\/05\/X-6-4-1-Vocabulaire-des-angles.pdf\" data-type=\"attachment\" data-id=\"160\" target=\"_blank\" rel=\"noreferrer noopener\"><img decoding=\"async\" width=\"20\" height=\"20\" class=\"wp-image-224\" style=\"width: 20px;\" src=\"https:\/\/collmathage.fr\/wp-content\/uploads\/2023\/05\/pdf-1.png\" alt=\"\"><\/a> <a href=\"https:\/\/collmathage.fr\/wp-content\/uploads\/2023\/05\/X-6-4-1-Vocabulaire-des-angles.docx\" data-type=\"attachment\" data-id=\"703\"><img decoding=\"async\" width=\"20\" height=\"20\" class=\"wp-image-244\" style=\"width: 20px;\" src=\"https:\/\/collmathage.fr\/wp-content\/uploads\/2023\/05\/word.png\" alt=\"Cliquer cette image pour t\u00e9l\u00e9charger le document au format word\"><\/a><\/li>\n\n\n\n<li>X642 Mesurer et tracer des angles <a href=\"https:\/\/collmathage.fr\/wp-content\/uploads\/2023\/05\/X-6-4-2-Mesurer-et-tracer-des-angles.pdf\" data-type=\"attachment\" data-id=\"161\" target=\"_blank\" rel=\"noreferrer noopener\"><img decoding=\"async\" width=\"20\" height=\"20\" class=\"wp-image-224\" style=\"width: 20px;\" src=\"https:\/\/collmathage.fr\/wp-content\/uploads\/2023\/05\/pdf-1.png\" alt=\"\"><\/a> <a href=\"https:\/\/collmathage.fr\/wp-content\/uploads\/2023\/05\/X-6-4-2-Mesurer-et-tracer-des-angles.docx\" data-type=\"attachment\" data-id=\"704\"><img decoding=\"async\" width=\"20\" height=\"20\" class=\"wp-image-244\" style=\"width: 20px;\" src=\"https:\/\/collmathage.fr\/wp-content\/uploads\/2023\/05\/word.png\" alt=\"Cliquer cette image pour t\u00e9l\u00e9charger le document au format word\"><\/a><\/li>\n\n\n\n<li>X643 Bissectrice d&rsquo;un angle <a href=\"https:\/\/collmathage.fr\/wp-content\/uploads\/2025\/12\/X-6-4-3-Bissectrice-dun-angle.pdf\" data-type=\"attachment\" data-id=\"2484\" target=\"_blank\" rel=\"noreferrer noopener\"><img decoding=\"async\" width=\"20\" height=\"20\" class=\"wp-image-224\" style=\"width: 20px;\" src=\"https:\/\/collmathage.fr\/wp-content\/uploads\/2023\/05\/pdf-1.png\" alt=\"\"><\/a> <a href=\"https:\/\/collmathage.fr\/wp-content\/uploads\/2025\/12\/X-6-4-3-Bissectrice-dun-angle.docx\" data-type=\"attachment\" data-id=\"2483\"><img decoding=\"async\" width=\"20\" height=\"20\" class=\"wp-image-244\" style=\"width: 20px;\" src=\"https:\/\/collmathage.fr\/wp-content\/uploads\/2023\/05\/word.png\" alt=\"Cliquer cette image pour t\u00e9l\u00e9charger le document au format word\"><\/a><\/li>\n<\/ul>\n\n\n\n<h2 class=\"wp-block-heading\">Chapitre 5 : additions, soustractions et multiplications<\/h2>\n\n\n\n<ul class=\"wp-block-list\">\n<li>X651 Calculs et probl\u00e8mes d&rsquo;additions et de soustractions <a href=\"https:\/\/collmathage.fr\/wp-content\/uploads\/2023\/05\/X-6-5-1-Calculs-et-problemes-dadditions-et-soustractions.pdf\" data-type=\"attachment\" data-id=\"152\" target=\"_blank\" rel=\"noreferrer noopener\"><img decoding=\"async\" width=\"20\" height=\"20\" class=\"wp-image-224\" style=\"width: 20px;\" src=\"https:\/\/collmathage.fr\/wp-content\/uploads\/2023\/05\/pdf-1.png\" alt=\"\"><\/a> <a href=\"https:\/\/collmathage.fr\/wp-content\/uploads\/2023\/05\/X-6-5-1-Calculs-et-problemes-dadditions-et-soustractions.docx\" data-type=\"attachment\" data-id=\"695\"><img decoding=\"async\" width=\"20\" height=\"20\" class=\"wp-image-244\" style=\"width: 20px;\" src=\"https:\/\/collmathage.fr\/wp-content\/uploads\/2023\/05\/word.png\" alt=\"Cliquer cette image pour t\u00e9l\u00e9charger le document au format word\"><\/a><\/li>\n\n\n\n<li>X652 Calculs astucieux, \u00e9quations, dur\u00e9es <a href=\"https:\/\/collmathage.fr\/wp-content\/uploads\/2023\/05\/X-6-5-2-Calculs-astucieux-equations-durees.pdf\" data-type=\"attachment\" data-id=\"153\" target=\"_blank\" rel=\"noreferrer noopener\"><img decoding=\"async\" width=\"20\" height=\"20\" class=\"wp-image-224\" style=\"width: 20px;\" src=\"https:\/\/collmathage.fr\/wp-content\/uploads\/2023\/05\/pdf-1.png\" alt=\"\"><\/a> <a href=\"https:\/\/collmathage.fr\/wp-content\/uploads\/2023\/05\/X-6-5-2-Calculs-astucieux-equations-durees.docx\" data-type=\"attachment\" data-id=\"696\"><img decoding=\"async\" width=\"20\" height=\"20\" class=\"wp-image-244\" style=\"width: 20px;\" src=\"https:\/\/collmathage.fr\/wp-content\/uploads\/2023\/05\/word.png\" alt=\"Cliquer cette image pour t\u00e9l\u00e9charger le document au format word\"><\/a><\/li>\n\n\n\n<li>X653 Multiplications <a href=\"https:\/\/collmathage.fr\/wp-content\/uploads\/2023\/05\/X-6-5-3-Multiplications.pdf\" data-type=\"attachment\" data-id=\"154\" target=\"_blank\" rel=\"noreferrer noopener\"><img decoding=\"async\" width=\"20\" height=\"20\" class=\"wp-image-224\" style=\"width: 20px;\" src=\"https:\/\/collmathage.fr\/wp-content\/uploads\/2023\/05\/pdf-1.png\" alt=\"\"><\/a> <a href=\"https:\/\/collmathage.fr\/wp-content\/uploads\/2023\/05\/X-6-5-3-Multiplications.docx\" data-type=\"attachment\" data-id=\"697\"><img decoding=\"async\" width=\"20\" height=\"20\" class=\"wp-image-244\" style=\"width: 20px;\" src=\"https:\/\/collmathage.fr\/wp-content\/uploads\/2023\/05\/word.png\" alt=\"Cliquer cette image pour t\u00e9l\u00e9charger le document au format word\"><\/a><\/li>\n<\/ul>\n\n\n\n<h2 class=\"wp-block-heading\">Chapitre 6 : les triangles<\/h2>\n\n\n\n<ul class=\"wp-block-list\">\n<li>X661 Constructions de triangles <a href=\"https:\/\/collmathage.fr\/wp-content\/uploads\/2026\/03\/X-6-6-1-Contructions-de-triangles-1.pdf\" data-type=\"attachment\" data-id=\"2500\" target=\"_blank\" rel=\"noreferrer noopener\"><img decoding=\"async\" width=\"20\" height=\"20\" class=\"wp-image-224\" style=\"width: 20px;\" src=\"https:\/\/collmathage.fr\/wp-content\/uploads\/2023\/05\/pdf-1.png\" alt=\"\"><\/a> <a href=\"https:\/\/collmathage.fr\/wp-content\/uploads\/2026\/03\/X-6-6-1-Contructions-de-triangles-1.docx\" data-type=\"attachment\" data-id=\"2499\"><img decoding=\"async\" width=\"20\" height=\"20\" class=\"wp-image-244\" style=\"width: 20px;\" src=\"https:\/\/collmathage.fr\/wp-content\/uploads\/2023\/05\/word.png\" alt=\"Cliquer cette image pour t\u00e9l\u00e9charger le document au format word\"><\/a><\/li>\n\n\n\n<li>X662 Angles et cercle circonscrit de triangles <a href=\"https:\/\/collmathage.fr\/wp-content\/uploads\/2026\/03\/X-6-6-2-Angles-et-cercle-circonscrit-dun-triangle-1.pdf\" data-type=\"attachment\" data-id=\"2502\" target=\"_blank\" rel=\"noreferrer noopener\"><img decoding=\"async\" width=\"20\" height=\"20\" class=\"wp-image-224\" style=\"width: 20px;\" src=\"https:\/\/collmathage.fr\/wp-content\/uploads\/2023\/05\/pdf-1.png\" alt=\"\"><\/a> <a href=\"https:\/\/collmathage.fr\/wp-content\/uploads\/2026\/03\/X-6-6-2-Angles-et-cercle-circonscrit-dun-triangle-1.docx\" data-type=\"attachment\" data-id=\"2501\"><img decoding=\"async\" width=\"20\" height=\"20\" class=\"wp-image-244\" style=\"width: 20px;\" src=\"https:\/\/collmathage.fr\/wp-content\/uploads\/2023\/05\/word.png\" alt=\"Cliquer cette image pour t\u00e9l\u00e9charger le document au format word\"><\/a><\/li>\n<\/ul>\n\n\n\n<h2 class=\"wp-block-heading\">Chapitre 7 : les divisions<\/h2>\n\n\n\n<ul class=\"wp-block-list\">\n<li>X671 La division enti\u00e8re <a href=\"https:\/\/collmathage.fr\/wp-content\/uploads\/2026\/03\/X-6-7-1-La-division-entiere-1.pdf\" data-type=\"attachment\" data-id=\"2530\" target=\"_blank\" rel=\"noreferrer noopener\"><img decoding=\"async\" width=\"20\" height=\"20\" class=\"wp-image-224\" style=\"width: 20px;\" src=\"https:\/\/collmathage.fr\/wp-content\/uploads\/2023\/05\/pdf-1.png\" alt=\"\"><\/a> <a href=\"https:\/\/collmathage.fr\/wp-content\/uploads\/2023\/05\/x_6-7-1_la_division_entiere.docx\" data-type=\"attachment\" data-id=\"701\"><img decoding=\"async\" width=\"20\" height=\"20\" class=\"wp-image-244\" style=\"width: 20px;\" src=\"https:\/\/collmathage.fr\/wp-content\/uploads\/2023\/05\/word.png\" alt=\"Cliquer cette image pour t\u00e9l\u00e9charger le document au format word\"><\/a><\/li>\n\n\n\n<li>X672 Dur\u00e9es, multiples et divisions d\u00e9cimales <a href=\"https:\/\/collmathage.fr\/wp-content\/uploads\/2026\/03\/X-6-7-2-Durees-multiples-et-division-decimales.pdf\" data-type=\"attachment\" data-id=\"2532\" target=\"_blank\" rel=\"noreferrer noopener\"><img decoding=\"async\" width=\"20\" height=\"20\" class=\"wp-image-224\" style=\"width: 20px;\" src=\"https:\/\/collmathage.fr\/wp-content\/uploads\/2023\/05\/pdf-1.png\" alt=\"\"><\/a> <a href=\"https:\/\/collmathage.fr\/wp-content\/uploads\/2026\/03\/X-6-7-2-Durees-multiples-et-division-decimales.docx\" data-type=\"attachment\" data-id=\"2531\"><img decoding=\"async\" width=\"20\" height=\"20\" class=\"wp-image-244\" style=\"width: 20px;\" src=\"https:\/\/collmathage.fr\/wp-content\/uploads\/2023\/05\/word.png\" alt=\"Cliquer cette image pour t\u00e9l\u00e9charger le document au format word\"><\/a><\/li>\n<\/ul>\n\n\n\n<h2 class=\"wp-block-heading\">Chapitre 8 : aires et p\u00e9rim\u00e8tres<\/h2>\n\n\n\n<ul class=\"wp-block-list\">\n<li>X681 P\u00e9rim\u00e8tres et aires <a href=\"https:\/\/collmathage.fr\/wp-content\/uploads\/2026\/04\/X-6-8-1-Perimetres-et-aires.pdf\" data-type=\"attachment\" data-id=\"2549\" target=\"_blank\" rel=\"noreferrer noopener\"><img decoding=\"async\" width=\"20\" height=\"20\" class=\"wp-image-224\" style=\"width: 20px;\" src=\"https:\/\/collmathage.fr\/wp-content\/uploads\/2023\/05\/pdf-1.png\" alt=\"\"><\/a> <a href=\"https:\/\/collmathage.fr\/wp-content\/uploads\/2026\/04\/X-6-8-1-Perimetres-et-aires.docx\" data-type=\"attachment\" data-id=\"2550\"><img decoding=\"async\" width=\"20\" height=\"20\" class=\"wp-image-244\" style=\"width: 20px;\" src=\"https:\/\/collmathage.fr\/wp-content\/uploads\/2023\/05\/word.png\" alt=\"Cliquer cette image pour t\u00e9l\u00e9charger le document au format word\"><\/a><\/li>\n<\/ul>\n\n\n\n<h2 class=\"wp-block-heading\">Chapitre 9 : les fractions<\/h2>\n\n\n\n<ul class=\"wp-block-list\">\n<li>X691 Fractions, partages et quotients <a href=\"https:\/\/collmathage.fr\/wp-content\/uploads\/2023\/05\/x_6-10-1_fractions_partages_et_quotients.pdf\" data-type=\"attachment\" data-id=\"934\" target=\"_blank\" rel=\"noreferrer noopener\"><img decoding=\"async\" width=\"20\" height=\"20\" class=\"wp-image-224\" style=\"width: 20px;\" src=\"https:\/\/collmathage.fr\/wp-content\/uploads\/2023\/05\/pdf-1.png\" alt=\"\"><\/a> <a href=\"https:\/\/collmathage.fr\/wp-content\/uploads\/2023\/05\/x_6-10-1_fractions_partages_et_quotients.docx\" data-type=\"attachment\" data-id=\"935\"><img decoding=\"async\" width=\"20\" height=\"20\" class=\"wp-image-244\" style=\"width: 20px;\" src=\"https:\/\/collmathage.fr\/wp-content\/uploads\/2023\/05\/word.png\" alt=\"Cliquer cette image pour t\u00e9l\u00e9charger le document au format word\"><\/a><\/li>\n\n\n\n<li>X692 Calculs de fractions <a href=\"https:\/\/collmathage.fr\/wp-content\/uploads\/2023\/06\/x_6-10-2_calculs_de_fractions.pdf\" data-type=\"attachment\" data-id=\"941\" target=\"_blank\" rel=\"noreferrer noopener\"><img loading=\"lazy\" decoding=\"async\" width=\"20\" height=\"20\" class=\"wp-image-224\" style=\"width: 20px;\" src=\"https:\/\/collmathage.fr\/wp-content\/uploads\/2023\/05\/pdf-1.png\" alt=\"Cliquer sur cette image pour t\u00e9l\u00e9charger au format pdf\"><\/a> <a href=\"https:\/\/collmathage.fr\/wp-content\/uploads\/2023\/06\/x_6-10-2_calculs_de_fractions.docx\" data-type=\"attachment\" data-id=\"940\"><img decoding=\"async\" width=\"20\" height=\"20\" class=\"wp-image-244\" style=\"width: 20px;\" src=\"https:\/\/collmathage.fr\/wp-content\/uploads\/2023\/05\/word.png\" alt=\"Cliquer cette image pour t\u00e9l\u00e9charger le document au format word\"><\/a><\/li>\n<\/ul>\n\n\n\n<h2 class=\"wp-block-heading\">Chapitre 10 : la sym\u00e9trie axiale<\/h2>\n\n\n\n<ul class=\"wp-block-list\">\n<li>X6101 La sym\u00e9trie axiale <a href=\"https:\/\/collmathage.fr\/wp-content\/uploads\/2023\/05\/x_6-11-1_la_symetrie_axiale.pdf\" data-type=\"attachment\" data-id=\"165\" target=\"_blank\" rel=\"noreferrer noopener\"><img decoding=\"async\" width=\"20\" height=\"20\" class=\"wp-image-224\" style=\"width: 20px;\" src=\"https:\/\/collmathage.fr\/wp-content\/uploads\/2023\/05\/pdf-1.png\" alt=\"\"><\/a> <a href=\"https:\/\/collmathage.fr\/wp-content\/uploads\/2023\/05\/x_6-11-1_la_symetrie_axiale.docx\" data-type=\"attachment\" data-id=\"707\"><img decoding=\"async\" width=\"20\" height=\"20\" class=\"wp-image-244\" style=\"width: 20px;\" src=\"https:\/\/collmathage.fr\/wp-content\/uploads\/2023\/05\/word.png\" alt=\"Cliquer cette image pour t\u00e9l\u00e9charger le document au format word\"><\/a><\/li>\n\n\n\n<li>X6102 Constructions de sym\u00e9triques (pas encore disponible)<\/li>\n\n\n\n<li>X6103 Axes de sym\u00e9trie <a href=\"https:\/\/collmathage.fr\/wp-content\/uploads\/2023\/05\/x_6-11-3_axes_de_symetrie.pdf\" data-type=\"attachment\" data-id=\"166\" target=\"_blank\" rel=\"noreferrer noopener\"><img loading=\"lazy\" decoding=\"async\" width=\"20\" height=\"20\" class=\"wp-image-224\" style=\"width: 20px;\" src=\"https:\/\/collmathage.fr\/wp-content\/uploads\/2023\/05\/pdf-1.png\" alt=\"Cliquer sur cette image pour t\u00e9l\u00e9charger au format pdf\"><\/a> <a href=\"https:\/\/collmathage.fr\/wp-content\/uploads\/2023\/05\/x_6-11-3_axes_de_symetrie.docx\" data-type=\"attachment\" data-id=\"709\"><img decoding=\"async\" width=\"20\" height=\"20\" class=\"wp-image-244\" style=\"width: 20px;\" src=\"https:\/\/collmathage.fr\/wp-content\/uploads\/2023\/05\/word.png\" alt=\"Cliquer cette image pour t\u00e9l\u00e9charger le document au format word\"><\/a><\/li>\n<\/ul>\n\n\n\n<p><\/p>\n","protected":false},"excerpt":{"rendered":"<p>Cliquez sur pour visualiser le document en pdf dans un nouvel onglet ou sur pour le t\u00e9l\u00e9charger au format Microsoft Word.J&rsquo;avais film\u00e9 quelques capsules vid\u00e9o sans pr\u00e9tention pour envoyer des corrections pendant le confinement, je vous en livre une, signal\u00e9e par . Si vous en voulez d&rsquo;autres, demandez en commentaires. Chapitre 1 : la num\u00e9ration [&hellip;]<\/p>\n","protected":false},"author":1,"featured_media":0,"parent":0,"menu_order":0,"comment_status":"closed","ping_status":"closed","template":"","meta":{"footnotes":""},"folder":[],"class_list":["post-51","page","type-page","status-publish","hentry"],"blocksy_meta":[],"_links":{"self":[{"href":"https:\/\/collmathage.fr\/index.php?rest_route=\/wp\/v2\/pages\/51","targetHints":{"allow":["GET"]}}],"collection":[{"href":"https:\/\/collmathage.fr\/index.php?rest_route=\/wp\/v2\/pages"}],"about":[{"href":"https:\/\/collmathage.fr\/index.php?rest_route=\/wp\/v2\/types\/page"}],"author":[{"embeddable":true,"href":"https:\/\/collmathage.fr\/index.php?rest_route=\/wp\/v2\/users\/1"}],"replies":[{"embeddable":true,"href":"https:\/\/collmathage.fr\/index.php?rest_route=%2Fwp%2Fv2%2Fcomments&post=51"}],"version-history":[{"count":46,"href":"https:\/\/collmathage.fr\/index.php?rest_route=\/wp\/v2\/pages\/51\/revisions"}],"predecessor-version":[{"id":2562,"href":"https:\/\/collmathage.fr\/index.php?rest_route=\/wp\/v2\/pages\/51\/revisions\/2562"}],"wp:attachment":[{"href":"https:\/\/collmathage.fr\/index.php?rest_route=%2Fwp%2Fv2%2Fmedia&parent=51"}],"wp:term":[{"taxonomy":"folder","embeddable":true,"href":"https:\/\/collmathage.fr\/index.php?rest_route=%2Fwp%2Fv2%2Ffolder&post=51"}],"curies":[{"name":"wp","href":"https:\/\/api.w.org\/{rel}","templated":true}]}}