{"id":57,"date":"2023-05-18T20:35:06","date_gmt":"2023-05-18T18:35:06","guid":{"rendered":"https:\/\/collmathage.fr\/?page_id=57"},"modified":"2025-06-21T11:58:52","modified_gmt":"2025-06-21T09:58:52","slug":"feuilles-dexercices-3e","status":"publish","type":"page","link":"https:\/\/collmathage.fr\/?page_id=57","title":{"rendered":"Feuilles d&rsquo;exercices 3e"},"content":{"rendered":"\n<p>Cliquez sur <img decoding=\"async\" width=\"20\" height=\"20\" class=\"wp-image-224\" style=\"width: 20px;\" src=\"https:\/\/collmathage.fr\/wp-content\/uploads\/2023\/05\/pdf-1.png\" alt=\"Cliquer sur cette image pour t\u00e9l\u00e9charger au format pdf\"> pour visionner le document pdf dans un nouvel onglet ou sur <img decoding=\"async\" width=\"20\" height=\"20\" class=\"wp-image-244\" style=\"width: 20px;\" src=\"https:\/\/collmathage.fr\/wp-content\/uploads\/2023\/05\/word.png\" alt=\"Cliquer cette image pour t\u00e9l\u00e9charger le document au format word\"> pour le t\u00e9l\u00e9charger au format Microsoft Word.<\/p>\n\n\n\n<h2 class=\"wp-block-heading\">Chapitre 1 : notions de fonctions<\/h2>\n\n\n\n<ul class=\"wp-block-list\">\n<li>X311 Vocabulaire des fonctions et calculs <a rel=\"noreferrer noopener\" href=\"https:\/\/collmathage.fr\/wp-content\/uploads\/2023\/05\/X-3-1-1-Vocabulaire-et-calculs.pdf\" data-type=\"attachment\" data-id=\"583\" target=\"_blank\"><img decoding=\"async\" width=\"20\" height=\"20\" class=\"wp-image-224\" style=\"width: 20px;\" src=\"https:\/\/collmathage.fr\/wp-content\/uploads\/2023\/05\/pdf-1.png\" alt=\"Cliquer sur cette image pour t\u00e9l\u00e9charger au format pdf\"><\/a> <a href=\"https:\/\/collmathage.fr\/wp-content\/uploads\/2023\/05\/X-3-1-1-Vocabulaire-et-calculs.docx\" data-type=\"attachment\" data-id=\"747\"><img decoding=\"async\" width=\"20\" height=\"20\" class=\"wp-image-244\" style=\"width: 20px;\" src=\"https:\/\/collmathage.fr\/wp-content\/uploads\/2023\/05\/word.png\" alt=\"Cliquer cette image pour t\u00e9l\u00e9charger le document au format word\"><\/a><\/li>\n\n\n\n<li>X312 Fonctions : calculs d&rsquo;images et tableaux de valeurs <a rel=\"noreferrer noopener\" href=\"https:\/\/collmathage.fr\/wp-content\/uploads\/2023\/05\/X-3-1-2-Calculs-et-tableaux.pdf\" data-type=\"attachment\" data-id=\"584\" target=\"_blank\"><img decoding=\"async\" width=\"20\" height=\"20\" class=\"wp-image-224\" style=\"width: 20px;\" src=\"https:\/\/collmathage.fr\/wp-content\/uploads\/2023\/05\/pdf-1.png\" alt=\"Cliquer sur cette image pour t\u00e9l\u00e9charger au format pdf\"><\/a> <a href=\"https:\/\/collmathage.fr\/wp-content\/uploads\/2023\/05\/X-3-1-2-Calculs-et-tableaux.docx\" data-type=\"attachment\" data-id=\"748\"><img decoding=\"async\" width=\"20\" height=\"20\" class=\"wp-image-244\" style=\"width: 20px;\" src=\"https:\/\/collmathage.fr\/wp-content\/uploads\/2023\/05\/word.png\" alt=\"Cliquer cette image pour t\u00e9l\u00e9charger le document au format word\"><\/a><\/li>\n\n\n\n<li>X313 Fonctions et lectures graphiques <a rel=\"noreferrer noopener\" href=\"https:\/\/collmathage.fr\/wp-content\/uploads\/2023\/05\/X-3-1-3-Lectures-graphiques.pdf\" data-type=\"attachment\" data-id=\"585\" target=\"_blank\"><img decoding=\"async\" width=\"20\" height=\"20\" class=\"wp-image-224\" style=\"width: 20px;\" src=\"https:\/\/collmathage.fr\/wp-content\/uploads\/2023\/05\/pdf-1.png\" alt=\"Cliquer sur cette image pour t\u00e9l\u00e9charger au format pdf\"><\/a> <a href=\"https:\/\/collmathage.fr\/wp-content\/uploads\/2023\/05\/X-3-1-3-Lectures-graphiques.docx\" data-type=\"attachment\" data-id=\"749\"><img decoding=\"async\" width=\"20\" height=\"20\" class=\"wp-image-244\" style=\"width: 20px;\" src=\"https:\/\/collmathage.fr\/wp-content\/uploads\/2023\/05\/word.png\" alt=\"Cliquer cette image pour t\u00e9l\u00e9charger le document au format word\"><\/a><\/li>\n\n\n\n<li>X314 Probl\u00e8mes et lectures graphiques <a rel=\"noreferrer noopener\" href=\"https:\/\/collmathage.fr\/wp-content\/uploads\/2023\/05\/X-3-1-4-Problemes-et-lectures-graphiques.pdf\" data-type=\"attachment\" data-id=\"586\" target=\"_blank\"><img decoding=\"async\" width=\"20\" height=\"20\" class=\"wp-image-224\" style=\"width: 20px;\" src=\"https:\/\/collmathage.fr\/wp-content\/uploads\/2023\/05\/pdf-1.png\" alt=\"Cliquer sur cette image pour t\u00e9l\u00e9charger au format pdf\"><\/a> <a href=\"https:\/\/collmathage.fr\/wp-content\/uploads\/2023\/05\/X-3-1-4-Problemes-et-lectures-graphiques.docx\" data-type=\"attachment\" data-id=\"750\"><img decoding=\"async\" width=\"20\" height=\"20\" class=\"wp-image-244\" style=\"width: 20px;\" src=\"https:\/\/collmathage.fr\/wp-content\/uploads\/2023\/05\/word.png\" alt=\"Cliquer cette image pour t\u00e9l\u00e9charger le document au format word\"><\/a><\/li>\n<\/ul>\n\n\n\n<h2 class=\"wp-block-heading\">Chapitre 2 : la trigonom\u00e9trie<\/h2>\n\n\n\n<ul class=\"wp-block-list\">\n<li>X321 Fonctions trigonom\u00e9triques et calculs de longueurs <a rel=\"noreferrer noopener\" href=\"https:\/\/collmathage.fr\/wp-content\/uploads\/2023\/05\/X-3-2-1-Fonctions-trigo-et-calculs-de-longueurs-1.pdf\" data-type=\"attachment\" data-id=\"587\" target=\"_blank\"><img decoding=\"async\" width=\"20\" height=\"20\" class=\"wp-image-224\" style=\"width: 20px;\" src=\"https:\/\/collmathage.fr\/wp-content\/uploads\/2023\/05\/pdf-1.png\" alt=\"Cliquer sur cette image pour t\u00e9l\u00e9charger au format pdf\"><\/a> <a href=\"https:\/\/collmathage.fr\/wp-content\/uploads\/2023\/05\/X-3-2-1-Fonctions-trigo-et-calculs-de-longueurs-1.docx\" data-type=\"attachment\" data-id=\"751\"><img decoding=\"async\" width=\"20\" height=\"20\" class=\"wp-image-244\" style=\"width: 20px;\" src=\"https:\/\/collmathage.fr\/wp-content\/uploads\/2023\/05\/word.png\" alt=\"Cliquer cette image pour t\u00e9l\u00e9charger le document au format word\"><\/a><\/li>\n\n\n\n<li>X322 Trigonom\u00e9trie et calculs d&rsquo;angles <a href=\"https:\/\/collmathage.fr\/wp-content\/uploads\/2023\/05\/X-3-2-2-Trigonometrie-et-calculs-dangles-1.pdf\" data-type=\"attachment\" data-id=\"588\" target=\"_blank\" rel=\"noreferrer noopener\"><img decoding=\"async\" width=\"20\" height=\"20\" class=\"wp-image-224\" style=\"width: 20px;\" src=\"https:\/\/collmathage.fr\/wp-content\/uploads\/2023\/05\/pdf-1.png\" alt=\"Cliquer sur cette image pour t\u00e9l\u00e9charger au format pdf\"><\/a> <a href=\"https:\/\/collmathage.fr\/wp-content\/uploads\/2023\/05\/X-3-2-2-Trigonometrie-et-calculs-dangles-1.docx\" data-type=\"attachment\" data-id=\"752\"><img decoding=\"async\" width=\"20\" height=\"20\" class=\"wp-image-244\" style=\"width: 20px;\" src=\"https:\/\/collmathage.fr\/wp-content\/uploads\/2023\/05\/word.png\" alt=\"Cliquer cette image pour t\u00e9l\u00e9charger le document au format word\"><\/a><\/li>\n<\/ul>\n\n\n\n<h2 class=\"wp-block-heading\">Chapitre 3 : calcul litt\u00e9ral et \u00e9quations<\/h2>\n\n\n\n<ul class=\"wp-block-list\">\n<li>X331 D\u00e9veloppements et r\u00e9ductions <a href=\"https:\/\/collmathage.fr\/wp-content\/uploads\/2024\/09\/X-3-3-1-Developpements-et-reductions.pdf\" data-type=\"attachment\" data-id=\"2031\" target=\"_blank\" rel=\"noreferrer noopener\"><img decoding=\"async\" width=\"20\" height=\"20\" class=\"wp-image-224\" style=\"width: 20px;\" src=\"https:\/\/collmathage.fr\/wp-content\/uploads\/2023\/05\/pdf-1.png\" alt=\"Cliquer sur cette image pour t\u00e9l\u00e9charger au format pdf\"><\/a> <a href=\"https:\/\/collmathage.fr\/wp-content\/uploads\/2024\/09\/X-3-3-1-Developpements-et-reductions.docx\" data-type=\"attachment\" data-id=\"2030\"><img decoding=\"async\" width=\"20\" height=\"20\" class=\"wp-image-244\" style=\"width: 20px;\" src=\"https:\/\/collmathage.fr\/wp-content\/uploads\/2023\/05\/word.png\" alt=\"Cliquer cette image pour t\u00e9l\u00e9charger le document au format word\"><\/a><\/li>\n\n\n\n<li>X332 \u00c9quations du premier degr\u00e9 et identit\u00e9 remarquable <a href=\"https:\/\/collmathage.fr\/wp-content\/uploads\/2024\/09\/X-3-3-2-Equations-et-identite-remarquable-1.pdf\" data-type=\"attachment\" data-id=\"2035\" target=\"_blank\" rel=\"noreferrer noopener\"><img decoding=\"async\" width=\"20\" height=\"20\" class=\"wp-image-224\" style=\"width: 20px;\" src=\"https:\/\/collmathage.fr\/wp-content\/uploads\/2023\/05\/pdf-1.png\" alt=\"Cliquer sur cette image pour t\u00e9l\u00e9charger au format pdf\"><\/a> <a href=\"https:\/\/collmathage.fr\/wp-content\/uploads\/2024\/09\/X-3-3-2-Equations-et-identite-remarquable-1.docx\" data-type=\"attachment\" data-id=\"2034\"><img decoding=\"async\" width=\"20\" height=\"20\" class=\"wp-image-244\" style=\"width: 20px;\" src=\"https:\/\/collmathage.fr\/wp-content\/uploads\/2023\/05\/word.png\" alt=\"Cliquer cette image pour t\u00e9l\u00e9charger le document au format word\"><\/a><\/li>\n<\/ul>\n\n\n\n<h2 class=\"wp-block-heading\">Chapitre 4 : proportionnalit\u00e9<\/h2>\n\n\n\n<ul class=\"wp-block-list\">\n<li>X341 Ratios et pourcentages <a href=\"https:\/\/collmathage.fr\/wp-content\/uploads\/2024\/11\/X-3-4-1-Ratios-et-pourcentages.pdf\" data-type=\"attachment\" data-id=\"2076\" target=\"_blank\" rel=\"noreferrer noopener\"><img decoding=\"async\" width=\"20\" height=\"20\" class=\"wp-image-224\" style=\"width: 20px;\" src=\"https:\/\/collmathage.fr\/wp-content\/uploads\/2023\/05\/pdf-1.png\" alt=\"Cliquer sur cette image pour t\u00e9l\u00e9charger au format pdf\"><\/a> <a href=\"https:\/\/collmathage.fr\/wp-content\/uploads\/2024\/11\/X-3-4-1-Ratios-et-pourcentages.docx\" data-type=\"attachment\" data-id=\"2075\"><img decoding=\"async\" width=\"20\" height=\"20\" class=\"wp-image-244\" style=\"width: 20px;\" src=\"https:\/\/collmathage.fr\/wp-content\/uploads\/2023\/05\/word.png\" alt=\"Cliquer cette image pour t\u00e9l\u00e9charger le document au format word\"><\/a><\/li>\n\n\n\n<li>X342 \u00c9chelles, vitesses et grandeurs-produits <a href=\"https:\/\/collmathage.fr\/wp-content\/uploads\/2024\/11\/X-3-4-2-Echelles-vitesses-et-grandeurs-produits.pdf\" data-type=\"attachment\" data-id=\"2078\" target=\"_blank\" rel=\"noreferrer noopener\"><img decoding=\"async\" width=\"20\" height=\"20\" class=\"wp-image-224\" style=\"width: 20px;\" src=\"https:\/\/collmathage.fr\/wp-content\/uploads\/2023\/05\/pdf-1.png\" alt=\"Cliquer sur cette image pour t\u00e9l\u00e9charger au format pdf\"><\/a> <a href=\"https:\/\/collmathage.fr\/wp-content\/uploads\/2024\/11\/X-3-4-2-Echelles-vitesses-et-grandeurs-produits.docx\" data-type=\"attachment\" data-id=\"2077\"><img decoding=\"async\" width=\"20\" height=\"20\" class=\"wp-image-244\" style=\"width: 20px;\" src=\"https:\/\/collmathage.fr\/wp-content\/uploads\/2023\/05\/word.png\" alt=\"Cliquer cette image pour t\u00e9l\u00e9charger le document au format word\"><\/a><\/li>\n<\/ul>\n\n\n\n<h2 class=\"wp-block-heading\">Chapitre 5 : le th\u00e9or\u00e8me de Thal\u00e8s<\/h2>\n\n\n\n<ul class=\"wp-block-list\">\n<li>X351 Triangles semblables et th\u00e9or\u00e8me de Thal\u00e8s <a href=\"https:\/\/collmathage.fr\/wp-content\/uploads\/2025\/01\/X-3-5-1-Triangles-semblables-et-theoreme-de-Thales.pdf\" data-type=\"attachment\" data-id=\"2118\" target=\"_blank\" rel=\"noreferrer noopener\"><img decoding=\"async\" width=\"20\" height=\"20\" class=\"wp-image-224\" style=\"width: 20px;\" src=\"https:\/\/collmathage.fr\/wp-content\/uploads\/2023\/05\/pdf-1.png\" alt=\"Cliquer sur cette image pour t\u00e9l\u00e9charger au format pdf\"><\/a> <a href=\"https:\/\/collmathage.fr\/wp-content\/uploads\/2025\/01\/X-3-5-1-Triangles-semblables-et-theoreme-de-Thales.docx\" data-type=\"attachment\" data-id=\"2117\"><img decoding=\"async\" width=\"20\" height=\"20\" class=\"wp-image-244\" style=\"width: 20px;\" src=\"https:\/\/collmathage.fr\/wp-content\/uploads\/2023\/05\/word.png\" alt=\"Cliquer cette image pour t\u00e9l\u00e9charger le document au format word\"><\/a><\/li>\n\n\n\n<li>X352 Th\u00e9or\u00e8me de Thal\u00e8s direct et r\u00e9ciproque <a href=\"https:\/\/collmathage.fr\/wp-content\/uploads\/2024\/11\/X-3-4-2-Echelles-vitesses-et-grandeurs-produits.docx\" data-type=\"attachment\" data-id=\"2077\"><\/a>: <a href=\"https:\/\/collmathage.fr\/wp-content\/uploads\/2025\/01\/X-3-5-2-Theoreme-de-Thales-direct-et-reciproque.pdf\" data-type=\"attachment\" data-id=\"2151\" target=\"_blank\" rel=\"noreferrer noopener\"><img decoding=\"async\" width=\"20\" height=\"20\" class=\"wp-image-224\" style=\"width: 20px;\" src=\"https:\/\/collmathage.fr\/wp-content\/uploads\/2023\/05\/pdf-1.png\" alt=\"Cliquer sur cette image pour t\u00e9l\u00e9charger au format pdf\"><\/a> <a href=\"https:\/\/collmathage.fr\/wp-content\/uploads\/2025\/01\/X-3-5-2-Theoreme-de-Thales-direct-et-reciproque-1.docx\" data-type=\"attachment\" data-id=\"2150\"><img decoding=\"async\" width=\"20\" height=\"20\" class=\"wp-image-244\" style=\"width: 20px;\" src=\"https:\/\/collmathage.fr\/wp-content\/uploads\/2023\/05\/word.png\" alt=\"Cliquer cette image pour t\u00e9l\u00e9charger le document au format word\"><\/a><\/li>\n<\/ul>\n\n\n\n<h2 class=\"wp-block-heading\">Chapitre 6 : statistiques<\/h2>\n\n\n\n<ul class=\"wp-block-list\">\n<li>X361 Moyennes, m\u00e9dianes, \u00e9tendues <a rel=\"noreferrer noopener\" href=\"https:\/\/collmathage.fr\/wp-content\/uploads\/2023\/05\/x_3-6-1_moyennes_medianes_etendues.pdf\" data-type=\"attachment\" data-id=\"594\" target=\"_blank\"><img decoding=\"async\" width=\"20\" height=\"20\" class=\"wp-image-224\" style=\"width: 20px;\" src=\"https:\/\/collmathage.fr\/wp-content\/uploads\/2023\/05\/pdf-1.png\" alt=\"Cliquer sur cette image pour t\u00e9l\u00e9charger au format pdf\"><\/a> <a href=\"https:\/\/collmathage.fr\/wp-content\/uploads\/2023\/05\/x_3-6-1_moyennes_medianes_etendues.docx\" data-type=\"attachment\" data-id=\"758\"><img decoding=\"async\" width=\"20\" height=\"20\" class=\"wp-image-244\" style=\"width: 20px;\" src=\"https:\/\/collmathage.fr\/wp-content\/uploads\/2023\/05\/word.png\" alt=\"Cliquer cette image pour t\u00e9l\u00e9charger le document au format word\"><\/a><\/li>\n<\/ul>\n\n\n\n<h2 class=\"wp-block-heading\">Chapitre 7 : factorisation et \u00e9quations-produits<\/h2>\n\n\n\n<ul class=\"wp-block-list\">\n<li>X371 Factorisations et \u00e9quations-produits <a href=\"https:\/\/collmathage.fr\/wp-content\/uploads\/2025\/03\/X-3-7-1-Factorisations-et-equations-produits.pdf\" data-type=\"attachment\" data-id=\"2193\" target=\"_blank\" rel=\"noreferrer noopener\"><img decoding=\"async\" width=\"20\" height=\"20\" class=\"wp-image-224\" style=\"width: 20px;\" src=\"https:\/\/collmathage.fr\/wp-content\/uploads\/2023\/05\/pdf-1.png\" alt=\"Cliquer sur cette image pour t\u00e9l\u00e9charger au format pdf\"><\/a> <a href=\"https:\/\/collmathage.fr\/wp-content\/uploads\/2025\/03\/X-3-7-1-Factorisations-et-equations-produits.docx\" data-type=\"attachment\" data-id=\"2192\"><img decoding=\"async\" width=\"20\" height=\"20\" class=\"wp-image-244\" style=\"width: 20px;\" src=\"https:\/\/collmathage.fr\/wp-content\/uploads\/2023\/05\/word.png\" alt=\"Cliquer cette image pour t\u00e9l\u00e9charger le document au format word\"><\/a><\/li>\n\n\n\n<li>X372 Equations-produits et \u00e9quations-carr\u00e9s <a href=\"https:\/\/collmathage.fr\/wp-content\/uploads\/2025\/03\/X-3-7-2-Equations-produits-et-equations-carres.pdf\" data-type=\"attachment\" data-id=\"2195\" target=\"_blank\" rel=\"noreferrer noopener\"><img decoding=\"async\" width=\"20\" height=\"20\" class=\"wp-image-224\" style=\"width: 20px;\" src=\"https:\/\/collmathage.fr\/wp-content\/uploads\/2023\/05\/pdf-1.png\" alt=\"Cliquer sur cette image pour t\u00e9l\u00e9charger au format pdf\"><\/a> <a href=\"https:\/\/collmathage.fr\/wp-content\/uploads\/2025\/03\/X-3-7-2-Equations-produits-et-equations-carres.docx\" data-type=\"attachment\" data-id=\"2194\"><img decoding=\"async\" width=\"20\" height=\"20\" class=\"wp-image-244\" style=\"width: 20px;\" src=\"https:\/\/collmathage.fr\/wp-content\/uploads\/2023\/05\/word.png\" alt=\"Cliquer cette image pour t\u00e9l\u00e9charger le document au format word\"><\/a><\/li>\n<\/ul>\n\n\n\n<h2 class=\"wp-block-heading\">Chapitre 8 : g\u00e9om\u00e9trie dans l&rsquo;espace<\/h2>\n\n\n\n<ul class=\"wp-block-list\">\n<li>X381 Volumes et sections de solides <a href=\"https:\/\/collmathage.fr\/wp-content\/uploads\/2025\/04\/X-3-8-1-Volumes-et-sections-de-solides.pdf\" data-type=\"attachment\" data-id=\"2211\" target=\"_blank\" rel=\"noreferrer noopener\"><img decoding=\"async\" width=\"20\" height=\"20\" class=\"wp-image-224\" style=\"width: 20px;\" src=\"https:\/\/collmathage.fr\/wp-content\/uploads\/2023\/05\/pdf-1.png\" alt=\"Cliquer sur cette image pour t\u00e9l\u00e9charger au format pdf\"><\/a> <a href=\"https:\/\/collmathage.fr\/wp-content\/uploads\/2025\/04\/X-3-8-1-Volumes-et-sections-de-solides.docx\" data-type=\"attachment\" data-id=\"2210\"><img decoding=\"async\" width=\"20\" height=\"20\" class=\"wp-image-244\" style=\"width: 20px;\" src=\"https:\/\/collmathage.fr\/wp-content\/uploads\/2023\/05\/word.png\" alt=\"Cliquer cette image pour t\u00e9l\u00e9charger le document au format word\"><\/a><\/li>\n\n\n\n<li>X382 Rep\u00e9rage dans l&rsquo;espace <a href=\"https:\/\/collmathage.fr\/wp-content\/uploads\/2025\/04\/X-3-8-2-Reperage-dans-lespace.pdf\" data-type=\"attachment\" data-id=\"2212\" target=\"_blank\" rel=\"noreferrer noopener\"><img decoding=\"async\" width=\"20\" height=\"20\" class=\"wp-image-224\" style=\"width: 20px;\" src=\"https:\/\/collmathage.fr\/wp-content\/uploads\/2023\/05\/pdf-1.png\" alt=\"Cliquer sur cette image pour t\u00e9l\u00e9charger au format pdf\"><\/a> <a href=\"https:\/\/collmathage.fr\/wp-content\/uploads\/2025\/04\/X-3-8-2-Reperage-dans-lespace.docx\" data-type=\"attachment\" data-id=\"2212\"><img decoding=\"async\" width=\"20\" height=\"20\" class=\"wp-image-244\" style=\"width: 20px;\" src=\"https:\/\/collmathage.fr\/wp-content\/uploads\/2023\/05\/word.png\" alt=\"Cliquer cette image pour t\u00e9l\u00e9charger le document au format word\"><\/a><\/li>\n<\/ul>\n\n\n\n<h2 class=\"wp-block-heading\">Chapitre 9 : probabilit\u00e9s<\/h2>\n\n\n\n<ul class=\"wp-block-list\">\n<li>X391 Probabilit\u00e9s <a href=\"https:\/\/collmathage.fr\/wp-content\/uploads\/2025\/04\/X-3-9-1-Probabilites.pdf\" data-type=\"attachment\" data-id=\"2218\" target=\"_blank\" rel=\"noreferrer noopener\"><img decoding=\"async\" width=\"20\" height=\"20\" class=\"wp-image-224\" style=\"width: 20px;\" src=\"https:\/\/collmathage.fr\/wp-content\/uploads\/2023\/05\/pdf-1.png\" alt=\"Cliquer sur cette image pour t\u00e9l\u00e9charger au format pdf\"><\/a> <a href=\"https:\/\/collmathage.fr\/wp-content\/uploads\/2025\/04\/X-3-9-1-Probabilites.docx\" data-type=\"attachment\" data-id=\"2217\"><img decoding=\"async\" width=\"20\" height=\"20\" class=\"wp-image-244\" style=\"width: 20px;\" src=\"https:\/\/collmathage.fr\/wp-content\/uploads\/2023\/05\/word.png\" alt=\"Cliquer cette image pour t\u00e9l\u00e9charger le document au format word\"><\/a><\/li>\n<\/ul>\n\n\n\n<h2 class=\"wp-block-heading\">Chapitre 10 : fonctions lin\u00e9aires et affines<\/h2>\n\n\n\n<ul class=\"wp-block-list\">\n<li>X3-10-1 Fonctions lin\u00e9aires et affines <a href=\"https:\/\/collmathage.fr\/wp-content\/uploads\/2025\/06\/X-3-10-1-Fonctions-lineaires-et-affines-1.pdf\" target=\"_blank\" rel=\"noreferrer noopener\"><img decoding=\"async\" src=\"https:\/\/collmathage.fr\/wp-content\/uploads\/2023\/05\/pdf-1.png\" alt=\"Cliquer sur cette image pour t\u00e9l\u00e9charger au format pdf\"><\/a>&nbsp;<a href=\"https:\/\/collmathage.fr\/wp-content\/uploads\/2025\/06\/X-3-10-1-Fonctions-lineaires-et-affines.docx\"><img decoding=\"async\" src=\"https:\/\/collmathage.fr\/wp-content\/uploads\/2023\/05\/word.png\" alt=\"Cliquer cette image pour t\u00e9l\u00e9charger le document au format word\"><\/a><\/li>\n<\/ul>\n\n\n\n<h2 class=\"wp-block-heading\">Chapitre 11 : transformations du plan<\/h2>\n\n\n\n<ul class=\"wp-block-list\">\n<li>X3-11-1 Transformations du plan <a href=\"https:\/\/collmathage.fr\/wp-content\/uploads\/2025\/06\/X-3-11-1-Transformations-du-plan.pdf\" data-type=\"attachment\" data-id=\"2289\" target=\"_blank\" rel=\"noreferrer noopener\"><img decoding=\"async\" src=\"https:\/\/collmathage.fr\/wp-content\/uploads\/2023\/05\/pdf-1.png\" alt=\"Cliquer sur cette image pour t\u00e9l\u00e9charger au format pdf\"><\/a>&nbsp;<a href=\"https:\/\/collmathage.fr\/wp-content\/uploads\/2025\/06\/X-3-11-1-Transformations-du-plan.docx\" data-type=\"attachment\" data-id=\"2288\"><img decoding=\"async\" src=\"https:\/\/collmathage.fr\/wp-content\/uploads\/2023\/05\/word.png\" alt=\"Cliquer cette image pour t\u00e9l\u00e9charger le document au format word\"><\/a><\/li>\n<\/ul>\n\n\n\n<h2 class=\"wp-block-heading\">Chapitre 12 : l&rsquo;arithm\u00e9tique<\/h2>\n\n\n\n<ul class=\"wp-block-list\">\n<li>X3-12-1 Arithm\u00e9tique <a href=\"https:\/\/collmathage.fr\/wp-content\/uploads\/2025\/06\/X-3-12-1-Arithmetique.pdf\" data-type=\"attachment\" data-id=\"2311\" target=\"_blank\" rel=\"noreferrer noopener\"><img decoding=\"async\" src=\"https:\/\/collmathage.fr\/wp-content\/uploads\/2023\/05\/pdf-1.png\" alt=\"Cliquer sur cette image pour t\u00e9l\u00e9charger au format pdf\"><\/a>\u00a0<a href=\"https:\/\/collmathage.fr\/wp-content\/uploads\/2025\/06\/X-3-12-1-Arithmetique.docx\" data-type=\"attachment\" data-id=\"2310\"><img decoding=\"async\" src=\"https:\/\/collmathage.fr\/wp-content\/uploads\/2023\/05\/word.png\" alt=\"Cliquer cette image pour t\u00e9l\u00e9charger le document au format word\"><\/a><\/li>\n<\/ul>\n\n\n\n<p><\/p>\n","protected":false},"excerpt":{"rendered":"<p>Cliquez sur pour visionner le document pdf dans un nouvel onglet ou sur pour le t\u00e9l\u00e9charger au format Microsoft Word. Chapitre 1 : notions de fonctions Chapitre 2 : la trigonom\u00e9trie Chapitre 3 : calcul litt\u00e9ral et \u00e9quations Chapitre 4 : proportionnalit\u00e9 Chapitre 5 : le th\u00e9or\u00e8me de Thal\u00e8s Chapitre 6 : statistiques Chapitre 7 [&hellip;]<\/p>\n","protected":false},"author":1,"featured_media":0,"parent":0,"menu_order":0,"comment_status":"closed","ping_status":"closed","template":"","meta":{"footnotes":""},"folder":[],"class_list":["post-57","page","type-page","status-publish","hentry"],"blocksy_meta":[],"_links":{"self":[{"href":"https:\/\/collmathage.fr\/index.php?rest_route=\/wp\/v2\/pages\/57","targetHints":{"allow":["GET"]}}],"collection":[{"href":"https:\/\/collmathage.fr\/index.php?rest_route=\/wp\/v2\/pages"}],"about":[{"href":"https:\/\/collmathage.fr\/index.php?rest_route=\/wp\/v2\/types\/page"}],"author":[{"embeddable":true,"href":"https:\/\/collmathage.fr\/index.php?rest_route=\/wp\/v2\/users\/1"}],"replies":[{"embeddable":true,"href":"https:\/\/collmathage.fr\/index.php?rest_route=%2Fwp%2Fv2%2Fcomments&post=57"}],"version-history":[{"count":19,"href":"https:\/\/collmathage.fr\/index.php?rest_route=\/wp\/v2\/pages\/57\/revisions"}],"predecessor-version":[{"id":2313,"href":"https:\/\/collmathage.fr\/index.php?rest_route=\/wp\/v2\/pages\/57\/revisions\/2313"}],"wp:attachment":[{"href":"https:\/\/collmathage.fr\/index.php?rest_route=%2Fwp%2Fv2%2Fmedia&parent=57"}],"wp:term":[{"taxonomy":"folder","embeddable":true,"href":"https:\/\/collmathage.fr\/index.php?rest_route=%2Fwp%2Fv2%2Ffolder&post=57"}],"curies":[{"name":"wp","href":"https:\/\/api.w.org\/{rel}","templated":true}]}}